{"id":365,"date":"2020-09-11T16:02:51","date_gmt":"2020-09-11T15:02:51","guid":{"rendered":"https:\/\/www.expert-pdf.com\/pt\/?page_id=365"},"modified":"2021-08-26T15:56:02","modified_gmt":"2021-08-26T14:56:02","slug":"ppc","status":"publish","type":"page","link":"https:\/\/www.expert-pdf.com\/pt\/ppc","title":{"rendered":"PPC"},"content":{"rendered":"","protected":false},"excerpt":{"rendered":"","protected":false},"author":1,"featured_media":0,"parent":0,"menu_order":0,"comment_status":"closed","ping_status":"closed","template":"templates\/page-home-v2.php","meta":{"inline_featured_image":false},"acf":[],"yoast_head":"<!-- This site is optimized with the Yoast SEO plugin v20.0 - https:\/\/yoast.com\/wordpress\/plugins\/seo\/ -->\n<title>Expert PDF 14 - Site oficial - Crie, modifique, converta e proteja seus PDFs<\/title>\n<meta name=\"description\" content=\"O Expert PDF Ultimate &amp;eacute ; uma solu\u00e7\u00e3o completa para o gerenciamento de PDFs que oferece tudo do que voc\u00ea precisa para criar, converter, editar e compartilhar com seguran\u00e7a seus arquivos PDF com outras pessoas.\" \/>\n<meta name=\"robots\" content=\"noindex, nofollow\" \/>\n<meta property=\"og:locale\" content=\"en_GB\" \/>\n<meta property=\"og:type\" content=\"article\" \/>\n<meta property=\"og:title\" content=\"Expert PDF 14 - Site oficial - Crie, modifique, converta e proteja seus PDFs\" \/>\n<meta property=\"og:description\" content=\"O Expert PDF Ultimate &amp;eacute ; uma solu\u00e7\u00e3o completa para o gerenciamento de PDFs que oferece tudo do que voc\u00ea precisa para criar, converter, editar e compartilhar com seguran\u00e7a seus arquivos PDF com outras pessoas.\" \/>\n<meta property=\"og:url\" content=\"https:\/\/www.expert-pdf.com\/pt\/ppc\" \/>\n<meta property=\"og:site_name\" content=\"Expert PDF PT\" \/>\n<meta property=\"article:modified_time\" content=\"2021-08-26T14:56:02+00:00\" \/>\n<meta name=\"twitter:card\" content=\"summary_large_image\" \/>\n<script type=\"application\/ld+json\" class=\"yoast-schema-graph\">{\"@context\":\"https:\/\/schema.org\",\"@graph\":[{\"@type\":\"WebPage\",\"@id\":\"https:\/\/www.expert-pdf.com\/pt\/ppc\",\"url\":\"https:\/\/www.expert-pdf.com\/pt\/ppc\",\"name\":\"Expert PDF 14 - Site oficial - Crie, modifique, converta e proteja seus PDFs\",\"isPartOf\":{\"@id\":\"https:\/\/www.expert-pdf.com\/pt\/#website\"},\"datePublished\":\"2020-09-11T15:02:51+00:00\",\"dateModified\":\"2021-08-26T14:56:02+00:00\",\"description\":\"O Expert PDF Ultimate &eacute ; uma solu\u00e7\u00e3o completa para o gerenciamento de PDFs que oferece tudo do que voc\u00ea precisa para criar, converter, editar e compartilhar com seguran\u00e7a seus arquivos PDF com outras pessoas.\",\"inLanguage\":\"en-GB\",\"potentialAction\":[{\"@type\":\"ReadAction\",\"target\":[\"https:\/\/www.expert-pdf.com\/pt\/ppc\"]}]},{\"@type\":\"WebSite\",\"@id\":\"https:\/\/www.expert-pdf.com\/pt\/#website\",\"url\":\"https:\/\/www.expert-pdf.com\/pt\/\",\"name\":\"Expert PDF PT\",\"description\":\"Just another Expert PDF Sites site\",\"potentialAction\":[{\"@type\":\"SearchAction\",\"target\":{\"@type\":\"EntryPoint\",\"urlTemplate\":\"https:\/\/www.expert-pdf.com\/pt\/?s={search_term_string}\"},\"query-input\":\"required name=search_term_string\"}],\"inLanguage\":\"en-GB\"}]}<\/script>\n<!-- \/ Yoast SEO plugin. -->","yoast_head_json":{"title":"Expert PDF 14 - Site oficial - Crie, modifique, converta e proteja seus PDFs","description":"O Expert PDF Ultimate &eacute ; uma solu\u00e7\u00e3o completa para o gerenciamento de PDFs que oferece tudo do que voc\u00ea precisa para criar, converter, editar e compartilhar com seguran\u00e7a seus arquivos PDF com outras pessoas.","robots":{"index":"noindex","follow":"nofollow"},"og_locale":"en_GB","og_type":"article","og_title":"Expert PDF 14 - Site oficial - Crie, modifique, converta e proteja seus PDFs","og_description":"O Expert PDF Ultimate &eacute ; uma solu\u00e7\u00e3o completa para o gerenciamento de PDFs que oferece tudo do que voc\u00ea precisa para criar, converter, editar e compartilhar com seguran\u00e7a seus arquivos PDF com outras pessoas.","og_url":"https:\/\/www.expert-pdf.com\/pt\/ppc","og_site_name":"Expert PDF PT","article_modified_time":"2021-08-26T14:56:02+00:00","twitter_card":"summary_large_image","schema":{"@context":"https:\/\/schema.org","@graph":[{"@type":"WebPage","@id":"https:\/\/www.expert-pdf.com\/pt\/ppc","url":"https:\/\/www.expert-pdf.com\/pt\/ppc","name":"Expert PDF 14 - Site oficial - Crie, modifique, converta e proteja seus PDFs","isPartOf":{"@id":"https:\/\/www.expert-pdf.com\/pt\/#website"},"datePublished":"2020-09-11T15:02:51+00:00","dateModified":"2021-08-26T14:56:02+00:00","description":"O Expert PDF Ultimate &eacute ; uma solu\u00e7\u00e3o completa para o gerenciamento de PDFs que oferece tudo do que voc\u00ea precisa para criar, converter, editar e compartilhar com seguran\u00e7a seus arquivos PDF com outras pessoas.","inLanguage":"en-GB","potentialAction":[{"@type":"ReadAction","target":["https:\/\/www.expert-pdf.com\/pt\/ppc"]}]},{"@type":"WebSite","@id":"https:\/\/www.expert-pdf.com\/pt\/#website","url":"https:\/\/www.expert-pdf.com\/pt\/","name":"Expert PDF PT","description":"Just another Expert PDF Sites site","potentialAction":[{"@type":"SearchAction","target":{"@type":"EntryPoint","urlTemplate":"https:\/\/www.expert-pdf.com\/pt\/?s={search_term_string}"},"query-input":"required name=search_term_string"}],"inLanguage":"en-GB"}]}},"_links":{"self":[{"href":"https:\/\/www.expert-pdf.com\/pt\/wp-json\/wp\/v2\/pages\/365"}],"collection":[{"href":"https:\/\/www.expert-pdf.com\/pt\/wp-json\/wp\/v2\/pages"}],"about":[{"href":"https:\/\/www.expert-pdf.com\/pt\/wp-json\/wp\/v2\/types\/page"}],"author":[{"embeddable":true,"href":"https:\/\/www.expert-pdf.com\/pt\/wp-json\/wp\/v2\/users\/1"}],"replies":[{"embeddable":true,"href":"https:\/\/www.expert-pdf.com\/pt\/wp-json\/wp\/v2\/comments?post=365"}],"version-history":[{"count":2,"href":"https:\/\/www.expert-pdf.com\/pt\/wp-json\/wp\/v2\/pages\/365\/revisions"}],"predecessor-version":[{"id":369,"href":"https:\/\/www.expert-pdf.com\/pt\/wp-json\/wp\/v2\/pages\/365\/revisions\/369"}],"wp:attachment":[{"href":"https:\/\/www.expert-pdf.com\/pt\/wp-json\/wp\/v2\/media?parent=365"}],"curies":[{"name":"wp","href":"https:\/\/api.w.org\/{rel}","templated":true}]}}