{"id":726,"date":"2020-09-15T11:20:28","date_gmt":"2020-09-15T10:20:28","guid":{"rendered":"https:\/\/www.expert-pdf.com\/fr\/?page_id=726"},"modified":"2021-07-09T13:09:50","modified_gmt":"2021-07-09T12:09:50","slug":"compresser-pdf","status":"publish","type":"page","link":"https:\/\/www.expert-pdf.com\/fr\/compresser-pdf","title":{"rendered":"Compresser PDF"},"content":{"rendered":"","protected":false},"excerpt":{"rendered":"","protected":false},"author":1,"featured_media":0,"parent":0,"menu_order":0,"comment_status":"closed","ping_status":"closed","template":"templates\/page-new-style-v2.php","meta":{"inline_featured_image":false},"acf":[],"yoast_head":"<!-- This site is optimized with the Yoast SEO plugin v20.0 - https:\/\/yoast.com\/wordpress\/plugins\/seo\/ -->\n<title>Comment compresser un fichier PDF sans perte de qualit\u00e9<\/title>\n<meta name=\"description\" content=\"R\u00e9duire taille PDF. Diminuer la taille de votre fichier PDF, tout en conservant la meilleure qualit\u00e9 possible. Optimisez vos fichiers PDF. T\u00e9l\u00e9chargez le logiciel EXPERT PDF.\" \/>\n<meta name=\"robots\" content=\"index, follow, max-snippet:-1, max-image-preview:large, max-video-preview:-1\" \/>\n<link rel=\"canonical\" href=\"https:\/\/www.expert-pdf.com\/fr\/compresser-pdf\" \/>\n<meta property=\"og:locale\" content=\"en_GB\" \/>\n<meta property=\"og:type\" content=\"article\" \/>\n<meta property=\"og:title\" content=\"Comment compresser un fichier PDF sans perte de qualit\u00e9\" \/>\n<meta property=\"og:description\" content=\"R\u00e9duire taille PDF. Diminuer la taille de votre fichier PDF, tout en conservant la meilleure qualit\u00e9 possible. Optimisez vos fichiers PDF. T\u00e9l\u00e9chargez le logiciel EXPERT PDF.\" \/>\n<meta property=\"og:url\" content=\"https:\/\/www.expert-pdf.com\/fr\/compresser-pdf\" \/>\n<meta property=\"og:site_name\" content=\"Expert PDF FR\" \/>\n<meta property=\"article:modified_time\" content=\"2021-07-09T12:09:50+00:00\" \/>\n<meta name=\"twitter:card\" content=\"summary_large_image\" \/>\n<script type=\"application\/ld+json\" class=\"yoast-schema-graph\">{\"@context\":\"https:\/\/schema.org\",\"@graph\":[{\"@type\":\"WebPage\",\"@id\":\"https:\/\/www.expert-pdf.com\/fr\/compresser-pdf\",\"url\":\"https:\/\/www.expert-pdf.com\/fr\/compresser-pdf\",\"name\":\"Comment compresser un fichier PDF sans perte de qualit\u00e9\",\"isPartOf\":{\"@id\":\"https:\/\/www.expert-pdf.com\/fr\/#website\"},\"datePublished\":\"2020-09-15T10:20:28+00:00\",\"dateModified\":\"2021-07-09T12:09:50+00:00\",\"description\":\"R\u00e9duire taille PDF. Diminuer la taille de votre fichier PDF, tout en conservant la meilleure qualit\u00e9 possible. Optimisez vos fichiers PDF. T\u00e9l\u00e9chargez le logiciel EXPERT PDF.\",\"inLanguage\":\"en-GB\",\"potentialAction\":[{\"@type\":\"ReadAction\",\"target\":[\"https:\/\/www.expert-pdf.com\/fr\/compresser-pdf\"]}]},{\"@type\":\"WebSite\",\"@id\":\"https:\/\/www.expert-pdf.com\/fr\/#website\",\"url\":\"https:\/\/www.expert-pdf.com\/fr\/\",\"name\":\"Expert PDF FR\",\"description\":\"Just another Expert PDF Sites site\",\"potentialAction\":[{\"@type\":\"SearchAction\",\"target\":{\"@type\":\"EntryPoint\",\"urlTemplate\":\"https:\/\/www.expert-pdf.com\/fr\/?s={search_term_string}\"},\"query-input\":\"required name=search_term_string\"}],\"inLanguage\":\"en-GB\"}]}<\/script>\n<!-- \/ Yoast SEO plugin. -->","yoast_head_json":{"title":"Comment compresser un fichier PDF sans perte de qualit\u00e9","description":"R\u00e9duire taille PDF. Diminuer la taille de votre fichier PDF, tout en conservant la meilleure qualit\u00e9 possible. Optimisez vos fichiers PDF. T\u00e9l\u00e9chargez le logiciel EXPERT PDF.","robots":{"index":"index","follow":"follow","max-snippet":"max-snippet:-1","max-image-preview":"max-image-preview:large","max-video-preview":"max-video-preview:-1"},"canonical":"https:\/\/www.expert-pdf.com\/fr\/compresser-pdf","og_locale":"en_GB","og_type":"article","og_title":"Comment compresser un fichier PDF sans perte de qualit\u00e9","og_description":"R\u00e9duire taille PDF. Diminuer la taille de votre fichier PDF, tout en conservant la meilleure qualit\u00e9 possible. Optimisez vos fichiers PDF. T\u00e9l\u00e9chargez le logiciel EXPERT PDF.","og_url":"https:\/\/www.expert-pdf.com\/fr\/compresser-pdf","og_site_name":"Expert PDF FR","article_modified_time":"2021-07-09T12:09:50+00:00","twitter_card":"summary_large_image","schema":{"@context":"https:\/\/schema.org","@graph":[{"@type":"WebPage","@id":"https:\/\/www.expert-pdf.com\/fr\/compresser-pdf","url":"https:\/\/www.expert-pdf.com\/fr\/compresser-pdf","name":"Comment compresser un fichier PDF sans perte de qualit\u00e9","isPartOf":{"@id":"https:\/\/www.expert-pdf.com\/fr\/#website"},"datePublished":"2020-09-15T10:20:28+00:00","dateModified":"2021-07-09T12:09:50+00:00","description":"R\u00e9duire taille PDF. Diminuer la taille de votre fichier PDF, tout en conservant la meilleure qualit\u00e9 possible. Optimisez vos fichiers PDF. T\u00e9l\u00e9chargez le logiciel EXPERT PDF.","inLanguage":"en-GB","potentialAction":[{"@type":"ReadAction","target":["https:\/\/www.expert-pdf.com\/fr\/compresser-pdf"]}]},{"@type":"WebSite","@id":"https:\/\/www.expert-pdf.com\/fr\/#website","url":"https:\/\/www.expert-pdf.com\/fr\/","name":"Expert PDF FR","description":"Just another Expert PDF Sites site","potentialAction":[{"@type":"SearchAction","target":{"@type":"EntryPoint","urlTemplate":"https:\/\/www.expert-pdf.com\/fr\/?s={search_term_string}"},"query-input":"required name=search_term_string"}],"inLanguage":"en-GB"}]}},"_links":{"self":[{"href":"https:\/\/www.expert-pdf.com\/fr\/wp-json\/wp\/v2\/pages\/726"}],"collection":[{"href":"https:\/\/www.expert-pdf.com\/fr\/wp-json\/wp\/v2\/pages"}],"about":[{"href":"https:\/\/www.expert-pdf.com\/fr\/wp-json\/wp\/v2\/types\/page"}],"author":[{"embeddable":true,"href":"https:\/\/www.expert-pdf.com\/fr\/wp-json\/wp\/v2\/users\/1"}],"replies":[{"embeddable":true,"href":"https:\/\/www.expert-pdf.com\/fr\/wp-json\/wp\/v2\/comments?post=726"}],"version-history":[{"count":15,"href":"https:\/\/www.expert-pdf.com\/fr\/wp-json\/wp\/v2\/pages\/726\/revisions"}],"predecessor-version":[{"id":1327,"href":"https:\/\/www.expert-pdf.com\/fr\/wp-json\/wp\/v2\/pages\/726\/revisions\/1327"}],"wp:attachment":[{"href":"https:\/\/www.expert-pdf.com\/fr\/wp-json\/wp\/v2\/media?parent=726"}],"curies":[{"name":"wp","href":"https:\/\/api.w.org\/{rel}","templated":true}]}}