{"id":600,"date":"2020-09-09T13:20:27","date_gmt":"2020-09-09T12:20:27","guid":{"rendered":"https:\/\/www.expert-pdf.com\/fr\/?page_id=600"},"modified":"2021-12-15T14:38:47","modified_gmt":"2021-12-15T14:38:47","slug":"signature-electronique","status":"publish","type":"page","link":"https:\/\/www.expert-pdf.com\/fr\/ppc\/signature-electronique","title":{"rendered":"Signature Electronique"},"content":{"rendered":"","protected":false},"excerpt":{"rendered":"","protected":false},"author":1,"featured_media":0,"parent":568,"menu_order":0,"comment_status":"closed","ping_status":"closed","template":"templates\/page-e-sign.php","meta":{"inline_featured_image":false},"acf":[],"yoast_head":"<!-- This site is optimized with the Yoast SEO plugin v20.0 - https:\/\/yoast.com\/wordpress\/plugins\/seo\/ -->\n<title>Signature Electronique - Expert PDF<\/title>\n<meta name=\"description\" content=\"Cr\u00e9ez votre signature num\u00e9rique pour signer et faire signer un PDF ou tout autre document en un clic gr\u00e2 ce \u00e0 notre solution ExpertPDF\" \/>\n<meta name=\"robots\" content=\"noindex, nofollow\" \/>\n<meta property=\"og:locale\" content=\"en_GB\" \/>\n<meta property=\"og:type\" content=\"article\" \/>\n<meta property=\"og:title\" content=\"Signature Electronique - Expert PDF\" \/>\n<meta property=\"og:description\" content=\"Cr\u00e9ez votre signature num\u00e9rique pour signer et faire signer un PDF ou tout autre document en un clic gr\u00e2 ce \u00e0 notre solution ExpertPDF\" \/>\n<meta property=\"og:url\" content=\"https:\/\/www.expert-pdf.com\/fr\/ppc\/signature-electronique\" \/>\n<meta property=\"og:site_name\" content=\"Expert PDF FR\" \/>\n<meta property=\"article:modified_time\" content=\"2021-12-15T14:38:47+00:00\" \/>\n<meta name=\"twitter:card\" content=\"summary_large_image\" \/>\n<script type=\"application\/ld+json\" class=\"yoast-schema-graph\">{\"@context\":\"https:\/\/schema.org\",\"@graph\":[{\"@type\":\"WebPage\",\"@id\":\"https:\/\/www.expert-pdf.com\/fr\/ppc\/signature-electronique\",\"url\":\"https:\/\/www.expert-pdf.com\/fr\/ppc\/signature-electronique\",\"name\":\"Signature Electronique - Expert PDF\",\"isPartOf\":{\"@id\":\"https:\/\/www.expert-pdf.com\/fr\/#website\"},\"datePublished\":\"2020-09-09T12:20:27+00:00\",\"dateModified\":\"2021-12-15T14:38:47+00:00\",\"description\":\"Cr\u00e9ez votre signature num\u00e9rique pour signer et faire signer un PDF ou tout autre document en un clic gr\u00e2 ce \u00e0 notre solution ExpertPDF\",\"breadcrumb\":{\"@id\":\"https:\/\/www.expert-pdf.com\/fr\/ppc\/signature-electronique#breadcrumb\"},\"inLanguage\":\"en-GB\",\"potentialAction\":[{\"@type\":\"ReadAction\",\"target\":[\"https:\/\/www.expert-pdf.com\/fr\/ppc\/signature-electronique\"]}]},{\"@type\":\"BreadcrumbList\",\"@id\":\"https:\/\/www.expert-pdf.com\/fr\/ppc\/signature-electronique#breadcrumb\",\"itemListElement\":[{\"@type\":\"ListItem\",\"position\":1,\"name\":\"PPC\",\"item\":\"https:\/\/www.expert-pdf.com\/fr\/ppc\"},{\"@type\":\"ListItem\",\"position\":2,\"name\":\"Signature Electronique\"}]},{\"@type\":\"WebSite\",\"@id\":\"https:\/\/www.expert-pdf.com\/fr\/#website\",\"url\":\"https:\/\/www.expert-pdf.com\/fr\/\",\"name\":\"Expert PDF FR\",\"description\":\"Just another Expert PDF Sites site\",\"potentialAction\":[{\"@type\":\"SearchAction\",\"target\":{\"@type\":\"EntryPoint\",\"urlTemplate\":\"https:\/\/www.expert-pdf.com\/fr\/?s={search_term_string}\"},\"query-input\":\"required name=search_term_string\"}],\"inLanguage\":\"en-GB\"}]}<\/script>\n<!-- \/ Yoast SEO plugin. -->","yoast_head_json":{"title":"Signature Electronique - Expert PDF","description":"Cr\u00e9ez votre signature num\u00e9rique pour signer et faire signer un PDF ou tout autre document en un clic gr\u00e2 ce \u00e0 notre solution ExpertPDF","robots":{"index":"noindex","follow":"nofollow"},"og_locale":"en_GB","og_type":"article","og_title":"Signature Electronique - Expert PDF","og_description":"Cr\u00e9ez votre signature num\u00e9rique pour signer et faire signer un PDF ou tout autre document en un clic gr\u00e2 ce \u00e0 notre solution ExpertPDF","og_url":"https:\/\/www.expert-pdf.com\/fr\/ppc\/signature-electronique","og_site_name":"Expert PDF FR","article_modified_time":"2021-12-15T14:38:47+00:00","twitter_card":"summary_large_image","schema":{"@context":"https:\/\/schema.org","@graph":[{"@type":"WebPage","@id":"https:\/\/www.expert-pdf.com\/fr\/ppc\/signature-electronique","url":"https:\/\/www.expert-pdf.com\/fr\/ppc\/signature-electronique","name":"Signature Electronique - Expert PDF","isPartOf":{"@id":"https:\/\/www.expert-pdf.com\/fr\/#website"},"datePublished":"2020-09-09T12:20:27+00:00","dateModified":"2021-12-15T14:38:47+00:00","description":"Cr\u00e9ez votre signature num\u00e9rique pour signer et faire signer un PDF ou tout autre document en un clic gr\u00e2 ce \u00e0 notre solution ExpertPDF","breadcrumb":{"@id":"https:\/\/www.expert-pdf.com\/fr\/ppc\/signature-electronique#breadcrumb"},"inLanguage":"en-GB","potentialAction":[{"@type":"ReadAction","target":["https:\/\/www.expert-pdf.com\/fr\/ppc\/signature-electronique"]}]},{"@type":"BreadcrumbList","@id":"https:\/\/www.expert-pdf.com\/fr\/ppc\/signature-electronique#breadcrumb","itemListElement":[{"@type":"ListItem","position":1,"name":"PPC","item":"https:\/\/www.expert-pdf.com\/fr\/ppc"},{"@type":"ListItem","position":2,"name":"Signature Electronique"}]},{"@type":"WebSite","@id":"https:\/\/www.expert-pdf.com\/fr\/#website","url":"https:\/\/www.expert-pdf.com\/fr\/","name":"Expert PDF FR","description":"Just another Expert PDF Sites site","potentialAction":[{"@type":"SearchAction","target":{"@type":"EntryPoint","urlTemplate":"https:\/\/www.expert-pdf.com\/fr\/?s={search_term_string}"},"query-input":"required name=search_term_string"}],"inLanguage":"en-GB"}]}},"_links":{"self":[{"href":"https:\/\/www.expert-pdf.com\/fr\/wp-json\/wp\/v2\/pages\/600"}],"collection":[{"href":"https:\/\/www.expert-pdf.com\/fr\/wp-json\/wp\/v2\/pages"}],"about":[{"href":"https:\/\/www.expert-pdf.com\/fr\/wp-json\/wp\/v2\/types\/page"}],"author":[{"embeddable":true,"href":"https:\/\/www.expert-pdf.com\/fr\/wp-json\/wp\/v2\/users\/1"}],"replies":[{"embeddable":true,"href":"https:\/\/www.expert-pdf.com\/fr\/wp-json\/wp\/v2\/comments?post=600"}],"version-history":[{"count":6,"href":"https:\/\/www.expert-pdf.com\/fr\/wp-json\/wp\/v2\/pages\/600\/revisions"}],"predecessor-version":[{"id":1776,"href":"https:\/\/www.expert-pdf.com\/fr\/wp-json\/wp\/v2\/pages\/600\/revisions\/1776"}],"up":[{"embeddable":true,"href":"https:\/\/www.expert-pdf.com\/fr\/wp-json\/wp\/v2\/pages\/568"}],"wp:attachment":[{"href":"https:\/\/www.expert-pdf.com\/fr\/wp-json\/wp\/v2\/media?parent=600"}],"curies":[{"name":"wp","href":"https:\/\/api.w.org\/{rel}","templated":true}]}}