{"id":593,"date":"2020-09-09T13:17:28","date_gmt":"2020-09-09T12:17:28","guid":{"rendered":"https:\/\/www.expert-pdf.com\/fr\/?page_id=593"},"modified":"2025-03-11T09:07:32","modified_gmt":"2025-03-11T09:07:32","slug":"conversion-pdf-ocr","status":"publish","type":"page","link":"https:\/\/www.expert-pdf.com\/fr\/ppc\/conversion-pdf-ocr","title":{"rendered":"Conversion OCR"},"content":{"rendered":"","protected":false},"excerpt":{"rendered":"","protected":false},"author":1,"featured_media":0,"parent":568,"menu_order":0,"comment_status":"closed","ping_status":"closed","template":"templates\/page-ocr.php","meta":{"inline_featured_image":false},"acf":[],"yoast_head":"<!-- This site is optimized with the Yoast SEO plugin v20.0 - https:\/\/yoast.com\/wordpress\/plugins\/seo\/ -->\n<title>Convertissez n&#039;importe quels PDF gr\u00e2ce \u00e0 la fonction de reconnaissance optique de caract\u00e8res OCR<\/title>\n<meta name=\"description\" content=\"Convertissez rapidement des fichiers image en PDF gr\u00e2ce \u00e0 l&#039;OCR. Choisissez simplement une image ou un document scann\u00e9 et convertissez-le en un fichier PDF enti\u00e8rement modifiable gr\u00e2ce au processus de Reconnaissance Optique de Caract\u00e8res.\" \/>\n<meta name=\"robots\" content=\"noindex, nofollow\" \/>\n<meta property=\"og:locale\" content=\"en_GB\" \/>\n<meta property=\"og:type\" content=\"article\" \/>\n<meta property=\"og:title\" content=\"Convertissez n&#039;importe quels PDF gr\u00e2ce \u00e0 la fonction de reconnaissance optique de caract\u00e8res OCR\" \/>\n<meta property=\"og:description\" content=\"Convertissez rapidement des fichiers image en PDF gr\u00e2ce \u00e0 l&#039;OCR. Choisissez simplement une image ou un document scann\u00e9 et convertissez-le en un fichier PDF enti\u00e8rement modifiable gr\u00e2ce au processus de Reconnaissance Optique de Caract\u00e8res.\" \/>\n<meta property=\"og:url\" content=\"https:\/\/www.expert-pdf.com\/fr\/ppc\/conversion-pdf-ocr\" \/>\n<meta property=\"og:site_name\" content=\"Expert PDF FR\" \/>\n<meta property=\"article:modified_time\" content=\"2025-03-11T09:07:32+00:00\" \/>\n<meta name=\"twitter:card\" content=\"summary_large_image\" \/>\n<script type=\"application\/ld+json\" class=\"yoast-schema-graph\">{\"@context\":\"https:\/\/schema.org\",\"@graph\":[{\"@type\":\"WebPage\",\"@id\":\"https:\/\/www.expert-pdf.com\/fr\/ppc\/conversion-pdf-ocr\",\"url\":\"https:\/\/www.expert-pdf.com\/fr\/ppc\/conversion-pdf-ocr\",\"name\":\"Convertissez n'importe quels PDF gr\u00e2ce \u00e0 la fonction de reconnaissance optique de caract\u00e8res OCR\",\"isPartOf\":{\"@id\":\"https:\/\/www.expert-pdf.com\/fr\/#website\"},\"datePublished\":\"2020-09-09T12:17:28+00:00\",\"dateModified\":\"2025-03-11T09:07:32+00:00\",\"description\":\"Convertissez rapidement des fichiers image en PDF gr\u00e2ce \u00e0 l'OCR. Choisissez simplement une image ou un document scann\u00e9 et convertissez-le en un fichier PDF enti\u00e8rement modifiable gr\u00e2ce au processus de Reconnaissance Optique de Caract\u00e8res.\",\"breadcrumb\":{\"@id\":\"https:\/\/www.expert-pdf.com\/fr\/ppc\/conversion-pdf-ocr#breadcrumb\"},\"inLanguage\":\"en-GB\",\"potentialAction\":[{\"@type\":\"ReadAction\",\"target\":[\"https:\/\/www.expert-pdf.com\/fr\/ppc\/conversion-pdf-ocr\"]}]},{\"@type\":\"BreadcrumbList\",\"@id\":\"https:\/\/www.expert-pdf.com\/fr\/ppc\/conversion-pdf-ocr#breadcrumb\",\"itemListElement\":[{\"@type\":\"ListItem\",\"position\":1,\"name\":\"PPC\",\"item\":\"https:\/\/www.expert-pdf.com\/fr\/ppc\"},{\"@type\":\"ListItem\",\"position\":2,\"name\":\"Conversion OCR\"}]},{\"@type\":\"WebSite\",\"@id\":\"https:\/\/www.expert-pdf.com\/fr\/#website\",\"url\":\"https:\/\/www.expert-pdf.com\/fr\/\",\"name\":\"Expert PDF FR\",\"description\":\"Just another Expert PDF Sites site\",\"potentialAction\":[{\"@type\":\"SearchAction\",\"target\":{\"@type\":\"EntryPoint\",\"urlTemplate\":\"https:\/\/www.expert-pdf.com\/fr\/?s={search_term_string}\"},\"query-input\":\"required name=search_term_string\"}],\"inLanguage\":\"en-GB\"}]}<\/script>\n<!-- \/ Yoast SEO plugin. -->","yoast_head_json":{"title":"Convertissez n'importe quels PDF gr\u00e2ce \u00e0 la fonction de reconnaissance optique de caract\u00e8res OCR","description":"Convertissez rapidement des fichiers image en PDF gr\u00e2ce \u00e0 l'OCR. Choisissez simplement une image ou un document scann\u00e9 et convertissez-le en un fichier PDF enti\u00e8rement modifiable gr\u00e2ce au processus de Reconnaissance Optique de Caract\u00e8res.","robots":{"index":"noindex","follow":"nofollow"},"og_locale":"en_GB","og_type":"article","og_title":"Convertissez n'importe quels PDF gr\u00e2ce \u00e0 la fonction de reconnaissance optique de caract\u00e8res OCR","og_description":"Convertissez rapidement des fichiers image en PDF gr\u00e2ce \u00e0 l'OCR. Choisissez simplement une image ou un document scann\u00e9 et convertissez-le en un fichier PDF enti\u00e8rement modifiable gr\u00e2ce au processus de Reconnaissance Optique de Caract\u00e8res.","og_url":"https:\/\/www.expert-pdf.com\/fr\/ppc\/conversion-pdf-ocr","og_site_name":"Expert PDF FR","article_modified_time":"2025-03-11T09:07:32+00:00","twitter_card":"summary_large_image","schema":{"@context":"https:\/\/schema.org","@graph":[{"@type":"WebPage","@id":"https:\/\/www.expert-pdf.com\/fr\/ppc\/conversion-pdf-ocr","url":"https:\/\/www.expert-pdf.com\/fr\/ppc\/conversion-pdf-ocr","name":"Convertissez n'importe quels PDF gr\u00e2ce \u00e0 la fonction de reconnaissance optique de caract\u00e8res OCR","isPartOf":{"@id":"https:\/\/www.expert-pdf.com\/fr\/#website"},"datePublished":"2020-09-09T12:17:28+00:00","dateModified":"2025-03-11T09:07:32+00:00","description":"Convertissez rapidement des fichiers image en PDF gr\u00e2ce \u00e0 l'OCR. Choisissez simplement une image ou un document scann\u00e9 et convertissez-le en un fichier PDF enti\u00e8rement modifiable gr\u00e2ce au processus de Reconnaissance Optique de Caract\u00e8res.","breadcrumb":{"@id":"https:\/\/www.expert-pdf.com\/fr\/ppc\/conversion-pdf-ocr#breadcrumb"},"inLanguage":"en-GB","potentialAction":[{"@type":"ReadAction","target":["https:\/\/www.expert-pdf.com\/fr\/ppc\/conversion-pdf-ocr"]}]},{"@type":"BreadcrumbList","@id":"https:\/\/www.expert-pdf.com\/fr\/ppc\/conversion-pdf-ocr#breadcrumb","itemListElement":[{"@type":"ListItem","position":1,"name":"PPC","item":"https:\/\/www.expert-pdf.com\/fr\/ppc"},{"@type":"ListItem","position":2,"name":"Conversion OCR"}]},{"@type":"WebSite","@id":"https:\/\/www.expert-pdf.com\/fr\/#website","url":"https:\/\/www.expert-pdf.com\/fr\/","name":"Expert PDF FR","description":"Just another Expert PDF Sites site","potentialAction":[{"@type":"SearchAction","target":{"@type":"EntryPoint","urlTemplate":"https:\/\/www.expert-pdf.com\/fr\/?s={search_term_string}"},"query-input":"required name=search_term_string"}],"inLanguage":"en-GB"}]}},"_links":{"self":[{"href":"https:\/\/www.expert-pdf.com\/fr\/wp-json\/wp\/v2\/pages\/593"}],"collection":[{"href":"https:\/\/www.expert-pdf.com\/fr\/wp-json\/wp\/v2\/pages"}],"about":[{"href":"https:\/\/www.expert-pdf.com\/fr\/wp-json\/wp\/v2\/types\/page"}],"author":[{"embeddable":true,"href":"https:\/\/www.expert-pdf.com\/fr\/wp-json\/wp\/v2\/users\/1"}],"replies":[{"embeddable":true,"href":"https:\/\/www.expert-pdf.com\/fr\/wp-json\/wp\/v2\/comments?post=593"}],"version-history":[{"count":4,"href":"https:\/\/www.expert-pdf.com\/fr\/wp-json\/wp\/v2\/pages\/593\/revisions"}],"predecessor-version":[{"id":2222,"href":"https:\/\/www.expert-pdf.com\/fr\/wp-json\/wp\/v2\/pages\/593\/revisions\/2222"}],"up":[{"embeddable":true,"href":"https:\/\/www.expert-pdf.com\/fr\/wp-json\/wp\/v2\/pages\/568"}],"wp:attachment":[{"href":"https:\/\/www.expert-pdf.com\/fr\/wp-json\/wp\/v2\/media?parent=593"}],"curies":[{"name":"wp","href":"https:\/\/api.w.org\/{rel}","templated":true}]}}