{"id":557,"date":"2020-09-09T12:44:07","date_gmt":"2020-09-09T11:44:07","guid":{"rendered":"https:\/\/www.expert-pdf.com\/fr\/?page_id=557"},"modified":"2022-01-27T13:30:21","modified_gmt":"2022-01-27T13:30:21","slug":"mise-a-jour","status":"publish","type":"page","link":"https:\/\/www.expert-pdf.com\/fr\/mise-a-jour","title":{"rendered":"Centre de mise \u00e0 jour"},"content":{"rendered":"","protected":false},"excerpt":{"rendered":"","protected":false},"author":1,"featured_media":1012,"parent":0,"menu_order":0,"comment_status":"closed","ping_status":"closed","template":"templates\/page-upgrade-v2.php","meta":{"inline_featured_image":false},"acf":[],"yoast_head":"<!-- This site is optimized with the Yoast SEO plugin v20.0 - https:\/\/yoast.com\/wordpress\/plugins\/seo\/ -->\n<title>Mise \u00e0 jour Expert PDF - T\u00e9l\u00e9chargement imm\u00e9diat et s\u00e9curis\u00e9<\/title>\n<meta name=\"description\" content=\"Une toute Nouvelle version d&#039;Expert PDF est disponible! T\u00e9l\u00e9chargez la mise \u00e0 jour de votre logiciel \u00e0 un tarif r\u00e9duits et profitez des nouvelles options.\" \/>\n<meta name=\"robots\" content=\"index, follow, max-snippet:-1, max-image-preview:large, max-video-preview:-1\" \/>\n<link rel=\"canonical\" href=\"https:\/\/www.expert-pdf.com\/fr\/mise-a-jour\" \/>\n<meta property=\"og:locale\" content=\"en_GB\" \/>\n<meta property=\"og:type\" content=\"article\" \/>\n<meta property=\"og:title\" content=\"Mise \u00e0 jour Expert PDF - T\u00e9l\u00e9chargement imm\u00e9diat et s\u00e9curis\u00e9\" \/>\n<meta property=\"og:description\" content=\"Une toute Nouvelle version d&#039;Expert PDF est disponible! T\u00e9l\u00e9chargez la mise \u00e0 jour de votre logiciel \u00e0 un tarif r\u00e9duits et profitez des nouvelles options.\" \/>\n<meta property=\"og:url\" content=\"https:\/\/www.expert-pdf.com\/fr\/mise-a-jour\" \/>\n<meta property=\"og:site_name\" content=\"Expert PDF FR\" \/>\n<meta property=\"article:modified_time\" content=\"2022-01-27T13:30:21+00:00\" \/>\n<meta property=\"og:image\" content=\"https:\/\/cda.expert-pdf.com\/wp-content\/uploads\/sites\/2\/2021\/05\/pack.png\" \/>\n\t<meta property=\"og:image:width\" content=\"650\" \/>\n\t<meta property=\"og:image:height\" content=\"794\" \/>\n\t<meta property=\"og:image:type\" content=\"image\/png\" \/>\n<meta name=\"twitter:card\" content=\"summary_large_image\" \/>\n<script type=\"application\/ld+json\" class=\"yoast-schema-graph\">{\"@context\":\"https:\/\/schema.org\",\"@graph\":[{\"@type\":\"WebPage\",\"@id\":\"https:\/\/www.expert-pdf.com\/fr\/mise-a-jour\",\"url\":\"https:\/\/www.expert-pdf.com\/fr\/mise-a-jour\",\"name\":\"Mise \u00e0 jour Expert PDF - T\u00e9l\u00e9chargement imm\u00e9diat et s\u00e9curis\u00e9\",\"isPartOf\":{\"@id\":\"https:\/\/www.expert-pdf.com\/fr\/#website\"},\"datePublished\":\"2020-09-09T11:44:07+00:00\",\"dateModified\":\"2022-01-27T13:30:21+00:00\",\"description\":\"Une toute Nouvelle version d'Expert PDF est disponible! T\u00e9l\u00e9chargez la mise \u00e0 jour de votre logiciel \u00e0 un tarif r\u00e9duits et profitez des nouvelles options.\",\"inLanguage\":\"en-GB\",\"potentialAction\":[{\"@type\":\"ReadAction\",\"target\":[\"https:\/\/www.expert-pdf.com\/fr\/mise-a-jour\"]}]},{\"@type\":\"WebSite\",\"@id\":\"https:\/\/www.expert-pdf.com\/fr\/#website\",\"url\":\"https:\/\/www.expert-pdf.com\/fr\/\",\"name\":\"Expert PDF FR\",\"description\":\"Just another Expert PDF Sites site\",\"potentialAction\":[{\"@type\":\"SearchAction\",\"target\":{\"@type\":\"EntryPoint\",\"urlTemplate\":\"https:\/\/www.expert-pdf.com\/fr\/?s={search_term_string}\"},\"query-input\":\"required name=search_term_string\"}],\"inLanguage\":\"en-GB\"}]}<\/script>\n<!-- \/ Yoast SEO plugin. -->","yoast_head_json":{"title":"Mise \u00e0 jour Expert PDF - T\u00e9l\u00e9chargement imm\u00e9diat et s\u00e9curis\u00e9","description":"Une toute Nouvelle version d'Expert PDF est disponible! T\u00e9l\u00e9chargez la mise \u00e0 jour de votre logiciel \u00e0 un tarif r\u00e9duits et profitez des nouvelles options.","robots":{"index":"index","follow":"follow","max-snippet":"max-snippet:-1","max-image-preview":"max-image-preview:large","max-video-preview":"max-video-preview:-1"},"canonical":"https:\/\/www.expert-pdf.com\/fr\/mise-a-jour","og_locale":"en_GB","og_type":"article","og_title":"Mise \u00e0 jour Expert PDF - T\u00e9l\u00e9chargement imm\u00e9diat et s\u00e9curis\u00e9","og_description":"Une toute Nouvelle version d'Expert PDF est disponible! T\u00e9l\u00e9chargez la mise \u00e0 jour de votre logiciel \u00e0 un tarif r\u00e9duits et profitez des nouvelles options.","og_url":"https:\/\/www.expert-pdf.com\/fr\/mise-a-jour","og_site_name":"Expert PDF FR","article_modified_time":"2022-01-27T13:30:21+00:00","og_image":[{"width":650,"height":794,"url":"https:\/\/cda.expert-pdf.com\/wp-content\/uploads\/sites\/2\/2021\/05\/pack.png","type":"image\/png"}],"twitter_card":"summary_large_image","schema":{"@context":"https:\/\/schema.org","@graph":[{"@type":"WebPage","@id":"https:\/\/www.expert-pdf.com\/fr\/mise-a-jour","url":"https:\/\/www.expert-pdf.com\/fr\/mise-a-jour","name":"Mise \u00e0 jour Expert PDF - T\u00e9l\u00e9chargement imm\u00e9diat et s\u00e9curis\u00e9","isPartOf":{"@id":"https:\/\/www.expert-pdf.com\/fr\/#website"},"datePublished":"2020-09-09T11:44:07+00:00","dateModified":"2022-01-27T13:30:21+00:00","description":"Une toute Nouvelle version d'Expert PDF est disponible! T\u00e9l\u00e9chargez la mise \u00e0 jour de votre logiciel \u00e0 un tarif r\u00e9duits et profitez des nouvelles options.","inLanguage":"en-GB","potentialAction":[{"@type":"ReadAction","target":["https:\/\/www.expert-pdf.com\/fr\/mise-a-jour"]}]},{"@type":"WebSite","@id":"https:\/\/www.expert-pdf.com\/fr\/#website","url":"https:\/\/www.expert-pdf.com\/fr\/","name":"Expert PDF FR","description":"Just another Expert PDF Sites site","potentialAction":[{"@type":"SearchAction","target":{"@type":"EntryPoint","urlTemplate":"https:\/\/www.expert-pdf.com\/fr\/?s={search_term_string}"},"query-input":"required name=search_term_string"}],"inLanguage":"en-GB"}]}},"_links":{"self":[{"href":"https:\/\/www.expert-pdf.com\/fr\/wp-json\/wp\/v2\/pages\/557"}],"collection":[{"href":"https:\/\/www.expert-pdf.com\/fr\/wp-json\/wp\/v2\/pages"}],"about":[{"href":"https:\/\/www.expert-pdf.com\/fr\/wp-json\/wp\/v2\/types\/page"}],"author":[{"embeddable":true,"href":"https:\/\/www.expert-pdf.com\/fr\/wp-json\/wp\/v2\/users\/1"}],"replies":[{"embeddable":true,"href":"https:\/\/www.expert-pdf.com\/fr\/wp-json\/wp\/v2\/comments?post=557"}],"version-history":[{"count":19,"href":"https:\/\/www.expert-pdf.com\/fr\/wp-json\/wp\/v2\/pages\/557\/revisions"}],"predecessor-version":[{"id":1806,"href":"https:\/\/www.expert-pdf.com\/fr\/wp-json\/wp\/v2\/pages\/557\/revisions\/1806"}],"wp:featuredmedia":[{"embeddable":true,"href":"https:\/\/www.expert-pdf.com\/fr\/wp-json\/wp\/v2\/media\/1012"}],"wp:attachment":[{"href":"https:\/\/www.expert-pdf.com\/fr\/wp-json\/wp\/v2\/media?parent=557"}],"curies":[{"name":"wp","href":"https:\/\/api.w.org\/{rel}","templated":true}]}}