{"id":389,"date":"2020-09-09T09:26:36","date_gmt":"2020-09-09T08:26:36","guid":{"rendered":"https:\/\/www.expert-pdf.com\/fr\/?page_id=389"},"modified":"2022-05-03T11:30:47","modified_gmt":"2022-05-03T10:30:47","slug":"comparer-les-versions","status":"publish","type":"page","link":"https:\/\/www.expert-pdf.com\/fr\/comparer-les-versions","title":{"rendered":"Comparer les Versions"},"content":{"rendered":"","protected":false},"excerpt":{"rendered":"","protected":false},"author":1,"featured_media":0,"parent":0,"menu_order":0,"comment_status":"closed","ping_status":"closed","template":"templates\/page-compare-v2.php","meta":{"inline_featured_image":false},"acf":[],"yoast_head":"<!-- This site is optimized with the Yoast SEO plugin v20.0 - https:\/\/yoast.com\/wordpress\/plugins\/seo\/ -->\n<title>Comparez et choisissez la version Expert PDF qui convient le mieux \u00e0 vos besoins<\/title>\n<meta name=\"description\" content=\"D\u00e9couvrez notre gamme de logiciel d&#039;\u00e9dition de documents PDF pour PC et Mac ! Choisissez la version adapt\u00e9e \u00e0 vos besoins.\" \/>\n<meta name=\"robots\" content=\"index, follow, max-snippet:-1, max-image-preview:large, max-video-preview:-1\" \/>\n<link rel=\"canonical\" href=\"https:\/\/www.expert-pdf.com\/fr\/comparer-les-versions\" \/>\n<meta property=\"og:locale\" content=\"en_GB\" \/>\n<meta property=\"og:type\" content=\"article\" \/>\n<meta property=\"og:title\" content=\"Comparez et choisissez la version Expert PDF qui convient le mieux \u00e0 vos besoins\" \/>\n<meta property=\"og:description\" content=\"D\u00e9couvrez notre gamme de logiciel d&#039;\u00e9dition de documents PDF pour PC et Mac ! Choisissez la version adapt\u00e9e \u00e0 vos besoins.\" \/>\n<meta property=\"og:url\" content=\"https:\/\/www.expert-pdf.com\/fr\/comparer-les-versions\" \/>\n<meta property=\"og:site_name\" content=\"Expert PDF FR\" \/>\n<meta property=\"article:modified_time\" content=\"2022-05-03T10:30:47+00:00\" \/>\n<meta name=\"twitter:card\" content=\"summary_large_image\" \/>\n<script type=\"application\/ld+json\" class=\"yoast-schema-graph\">{\"@context\":\"https:\/\/schema.org\",\"@graph\":[{\"@type\":\"WebPage\",\"@id\":\"https:\/\/www.expert-pdf.com\/fr\/comparer-les-versions\",\"url\":\"https:\/\/www.expert-pdf.com\/fr\/comparer-les-versions\",\"name\":\"Comparez et choisissez la version Expert PDF qui convient le mieux \u00e0 vos besoins\",\"isPartOf\":{\"@id\":\"https:\/\/www.expert-pdf.com\/fr\/#website\"},\"datePublished\":\"2020-09-09T08:26:36+00:00\",\"dateModified\":\"2022-05-03T10:30:47+00:00\",\"description\":\"D\u00e9couvrez notre gamme de logiciel d'\u00e9dition de documents PDF pour PC et Mac ! Choisissez la version adapt\u00e9e \u00e0 vos besoins.\",\"inLanguage\":\"en-GB\",\"potentialAction\":[{\"@type\":\"ReadAction\",\"target\":[\"https:\/\/www.expert-pdf.com\/fr\/comparer-les-versions\"]}]},{\"@type\":\"WebSite\",\"@id\":\"https:\/\/www.expert-pdf.com\/fr\/#website\",\"url\":\"https:\/\/www.expert-pdf.com\/fr\/\",\"name\":\"Expert PDF FR\",\"description\":\"Just another Expert PDF Sites site\",\"potentialAction\":[{\"@type\":\"SearchAction\",\"target\":{\"@type\":\"EntryPoint\",\"urlTemplate\":\"https:\/\/www.expert-pdf.com\/fr\/?s={search_term_string}\"},\"query-input\":\"required name=search_term_string\"}],\"inLanguage\":\"en-GB\"}]}<\/script>\n<!-- \/ Yoast SEO plugin. -->","yoast_head_json":{"title":"Comparez et choisissez la version Expert PDF qui convient le mieux \u00e0 vos besoins","description":"D\u00e9couvrez notre gamme de logiciel d'\u00e9dition de documents PDF pour PC et Mac ! Choisissez la version adapt\u00e9e \u00e0 vos besoins.","robots":{"index":"index","follow":"follow","max-snippet":"max-snippet:-1","max-image-preview":"max-image-preview:large","max-video-preview":"max-video-preview:-1"},"canonical":"https:\/\/www.expert-pdf.com\/fr\/comparer-les-versions","og_locale":"en_GB","og_type":"article","og_title":"Comparez et choisissez la version Expert PDF qui convient le mieux \u00e0 vos besoins","og_description":"D\u00e9couvrez notre gamme de logiciel d'\u00e9dition de documents PDF pour PC et Mac ! Choisissez la version adapt\u00e9e \u00e0 vos besoins.","og_url":"https:\/\/www.expert-pdf.com\/fr\/comparer-les-versions","og_site_name":"Expert PDF FR","article_modified_time":"2022-05-03T10:30:47+00:00","twitter_card":"summary_large_image","schema":{"@context":"https:\/\/schema.org","@graph":[{"@type":"WebPage","@id":"https:\/\/www.expert-pdf.com\/fr\/comparer-les-versions","url":"https:\/\/www.expert-pdf.com\/fr\/comparer-les-versions","name":"Comparez et choisissez la version Expert PDF qui convient le mieux \u00e0 vos besoins","isPartOf":{"@id":"https:\/\/www.expert-pdf.com\/fr\/#website"},"datePublished":"2020-09-09T08:26:36+00:00","dateModified":"2022-05-03T10:30:47+00:00","description":"D\u00e9couvrez notre gamme de logiciel d'\u00e9dition de documents PDF pour PC et Mac ! Choisissez la version adapt\u00e9e \u00e0 vos besoins.","inLanguage":"en-GB","potentialAction":[{"@type":"ReadAction","target":["https:\/\/www.expert-pdf.com\/fr\/comparer-les-versions"]}]},{"@type":"WebSite","@id":"https:\/\/www.expert-pdf.com\/fr\/#website","url":"https:\/\/www.expert-pdf.com\/fr\/","name":"Expert PDF FR","description":"Just another Expert PDF Sites site","potentialAction":[{"@type":"SearchAction","target":{"@type":"EntryPoint","urlTemplate":"https:\/\/www.expert-pdf.com\/fr\/?s={search_term_string}"},"query-input":"required name=search_term_string"}],"inLanguage":"en-GB"}]}},"_links":{"self":[{"href":"https:\/\/www.expert-pdf.com\/fr\/wp-json\/wp\/v2\/pages\/389"}],"collection":[{"href":"https:\/\/www.expert-pdf.com\/fr\/wp-json\/wp\/v2\/pages"}],"about":[{"href":"https:\/\/www.expert-pdf.com\/fr\/wp-json\/wp\/v2\/types\/page"}],"author":[{"embeddable":true,"href":"https:\/\/www.expert-pdf.com\/fr\/wp-json\/wp\/v2\/users\/1"}],"replies":[{"embeddable":true,"href":"https:\/\/www.expert-pdf.com\/fr\/wp-json\/wp\/v2\/comments?post=389"}],"version-history":[{"count":22,"href":"https:\/\/www.expert-pdf.com\/fr\/wp-json\/wp\/v2\/pages\/389\/revisions"}],"predecessor-version":[{"id":1923,"href":"https:\/\/www.expert-pdf.com\/fr\/wp-json\/wp\/v2\/pages\/389\/revisions\/1923"}],"wp:attachment":[{"href":"https:\/\/www.expert-pdf.com\/fr\/wp-json\/wp\/v2\/media?parent=389"}],"curies":[{"name":"wp","href":"https:\/\/api.w.org\/{rel}","templated":true}]}}