{"id":386,"date":"2020-09-09T09:20:42","date_gmt":"2020-09-09T08:20:42","guid":{"rendered":"https:\/\/www.expert-pdf.com\/fr\/?page_id=386"},"modified":"2025-01-23T09:36:21","modified_gmt":"2025-01-23T09:36:21","slug":"expert-pdf-ultimate","status":"publish","type":"page","link":"https:\/\/www.expert-pdf.com\/fr\/expert-pdf-ultimate","title":{"rendered":"Expert PDF Ultimate"},"content":{"rendered":"","protected":false},"excerpt":{"rendered":"","protected":false},"author":1,"featured_media":1600,"parent":0,"menu_order":0,"comment_status":"closed","ping_status":"closed","template":"templates\/page-product.php","meta":{"inline_featured_image":false},"acf":[],"yoast_head":"<!-- This site is optimized with the Yoast SEO plugin v20.0 - https:\/\/yoast.com\/wordpress\/plugins\/seo\/ -->\n<title>Expert PDF Ultimate| Cr\u00e9er, convertir, modifier, S\u00e9curiser PDF<\/title>\n<meta name=\"description\" content=\"Expert PDF Ultimate est le logiciel simplifi\u00e9 pour vos fichiers Pros! Cr\u00e9er PDF- R\u00e9duire PDF- eSigner PDF- Annoter PDF- Cacher donn\u00e9es sur PDF. OCR inclus!\" \/>\n<meta name=\"robots\" content=\"index, follow, max-snippet:-1, max-image-preview:large, max-video-preview:-1\" \/>\n<link rel=\"canonical\" href=\"https:\/\/www.expert-pdf.com\/fr\/expert-pdf-ultimate\" \/>\n<meta property=\"og:locale\" content=\"en_GB\" \/>\n<meta property=\"og:type\" content=\"article\" \/>\n<meta property=\"og:title\" content=\"Expert PDF Ultimate| Cr\u00e9er, convertir, modifier, S\u00e9curiser PDF\" \/>\n<meta property=\"og:description\" content=\"Expert PDF Ultimate est le logiciel simplifi\u00e9 pour vos fichiers Pros! Cr\u00e9er PDF- R\u00e9duire PDF- eSigner PDF- Annoter PDF- Cacher donn\u00e9es sur PDF. OCR inclus!\" \/>\n<meta property=\"og:url\" content=\"https:\/\/www.expert-pdf.com\/fr\/expert-pdf-ultimate\" \/>\n<meta property=\"og:site_name\" content=\"Expert PDF FR\" \/>\n<meta property=\"article:modified_time\" content=\"2025-01-23T09:36:21+00:00\" \/>\n<meta property=\"og:image\" content=\"https:\/\/cda.expert-pdf.com\/wp-content\/uploads\/sites\/2\/2021\/08\/expPDF-ultimate-pack-615px.png\" \/>\n\t<meta property=\"og:image:width\" content=\"615\" \/>\n\t<meta property=\"og:image:height\" content=\"752\" \/>\n\t<meta property=\"og:image:type\" content=\"image\/png\" \/>\n<meta name=\"twitter:card\" content=\"summary_large_image\" \/>\n<script type=\"application\/ld+json\" class=\"yoast-schema-graph\">{\"@context\":\"https:\/\/schema.org\",\"@graph\":[{\"@type\":\"WebPage\",\"@id\":\"https:\/\/www.expert-pdf.com\/fr\/expert-pdf-ultimate\",\"url\":\"https:\/\/www.expert-pdf.com\/fr\/expert-pdf-ultimate\",\"name\":\"Expert PDF Ultimate| Cr\u00e9er, convertir, modifier, S\u00e9curiser PDF\",\"isPartOf\":{\"@id\":\"https:\/\/www.expert-pdf.com\/fr\/#website\"},\"datePublished\":\"2020-09-09T08:20:42+00:00\",\"dateModified\":\"2025-01-23T09:36:21+00:00\",\"description\":\"Expert PDF Ultimate est le logiciel simplifi\u00e9 pour vos fichiers Pros! Cr\u00e9er PDF- R\u00e9duire PDF- eSigner PDF- Annoter PDF- Cacher donn\u00e9es sur PDF. OCR inclus!\",\"inLanguage\":\"en-GB\",\"potentialAction\":[{\"@type\":\"ReadAction\",\"target\":[\"https:\/\/www.expert-pdf.com\/fr\/expert-pdf-ultimate\"]}]},{\"@type\":\"WebSite\",\"@id\":\"https:\/\/www.expert-pdf.com\/fr\/#website\",\"url\":\"https:\/\/www.expert-pdf.com\/fr\/\",\"name\":\"Expert PDF FR\",\"description\":\"Just another Expert PDF Sites site\",\"potentialAction\":[{\"@type\":\"SearchAction\",\"target\":{\"@type\":\"EntryPoint\",\"urlTemplate\":\"https:\/\/www.expert-pdf.com\/fr\/?s={search_term_string}\"},\"query-input\":\"required name=search_term_string\"}],\"inLanguage\":\"en-GB\"}]}<\/script>\n<!-- \/ Yoast SEO plugin. -->","yoast_head_json":{"title":"Expert PDF Ultimate| Cr\u00e9er, convertir, modifier, S\u00e9curiser PDF","description":"Expert PDF Ultimate est le logiciel simplifi\u00e9 pour vos fichiers Pros! Cr\u00e9er PDF- R\u00e9duire PDF- eSigner PDF- Annoter PDF- Cacher donn\u00e9es sur PDF. OCR inclus!","robots":{"index":"index","follow":"follow","max-snippet":"max-snippet:-1","max-image-preview":"max-image-preview:large","max-video-preview":"max-video-preview:-1"},"canonical":"https:\/\/www.expert-pdf.com\/fr\/expert-pdf-ultimate","og_locale":"en_GB","og_type":"article","og_title":"Expert PDF Ultimate| Cr\u00e9er, convertir, modifier, S\u00e9curiser PDF","og_description":"Expert PDF Ultimate est le logiciel simplifi\u00e9 pour vos fichiers Pros! Cr\u00e9er PDF- R\u00e9duire PDF- eSigner PDF- Annoter PDF- Cacher donn\u00e9es sur PDF. OCR inclus!","og_url":"https:\/\/www.expert-pdf.com\/fr\/expert-pdf-ultimate","og_site_name":"Expert PDF FR","article_modified_time":"2025-01-23T09:36:21+00:00","og_image":[{"width":615,"height":752,"url":"https:\/\/cda.expert-pdf.com\/wp-content\/uploads\/sites\/2\/2021\/08\/expPDF-ultimate-pack-615px.png","type":"image\/png"}],"twitter_card":"summary_large_image","schema":{"@context":"https:\/\/schema.org","@graph":[{"@type":"WebPage","@id":"https:\/\/www.expert-pdf.com\/fr\/expert-pdf-ultimate","url":"https:\/\/www.expert-pdf.com\/fr\/expert-pdf-ultimate","name":"Expert PDF Ultimate| Cr\u00e9er, convertir, modifier, S\u00e9curiser PDF","isPartOf":{"@id":"https:\/\/www.expert-pdf.com\/fr\/#website"},"datePublished":"2020-09-09T08:20:42+00:00","dateModified":"2025-01-23T09:36:21+00:00","description":"Expert PDF Ultimate est le logiciel simplifi\u00e9 pour vos fichiers Pros! Cr\u00e9er PDF- R\u00e9duire PDF- eSigner PDF- Annoter PDF- Cacher donn\u00e9es sur PDF. OCR inclus!","inLanguage":"en-GB","potentialAction":[{"@type":"ReadAction","target":["https:\/\/www.expert-pdf.com\/fr\/expert-pdf-ultimate"]}]},{"@type":"WebSite","@id":"https:\/\/www.expert-pdf.com\/fr\/#website","url":"https:\/\/www.expert-pdf.com\/fr\/","name":"Expert PDF FR","description":"Just another Expert PDF Sites site","potentialAction":[{"@type":"SearchAction","target":{"@type":"EntryPoint","urlTemplate":"https:\/\/www.expert-pdf.com\/fr\/?s={search_term_string}"},"query-input":"required name=search_term_string"}],"inLanguage":"en-GB"}]}},"_links":{"self":[{"href":"https:\/\/www.expert-pdf.com\/fr\/wp-json\/wp\/v2\/pages\/386"}],"collection":[{"href":"https:\/\/www.expert-pdf.com\/fr\/wp-json\/wp\/v2\/pages"}],"about":[{"href":"https:\/\/www.expert-pdf.com\/fr\/wp-json\/wp\/v2\/types\/page"}],"author":[{"embeddable":true,"href":"https:\/\/www.expert-pdf.com\/fr\/wp-json\/wp\/v2\/users\/1"}],"replies":[{"embeddable":true,"href":"https:\/\/www.expert-pdf.com\/fr\/wp-json\/wp\/v2\/comments?post=386"}],"version-history":[{"count":6,"href":"https:\/\/www.expert-pdf.com\/fr\/wp-json\/wp\/v2\/pages\/386\/revisions"}],"predecessor-version":[{"id":2189,"href":"https:\/\/www.expert-pdf.com\/fr\/wp-json\/wp\/v2\/pages\/386\/revisions\/2189"}],"wp:featuredmedia":[{"embeddable":true,"href":"https:\/\/www.expert-pdf.com\/fr\/wp-json\/wp\/v2\/media\/1600"}],"wp:attachment":[{"href":"https:\/\/www.expert-pdf.com\/fr\/wp-json\/wp\/v2\/media?parent=386"}],"curies":[{"name":"wp","href":"https:\/\/api.w.org\/{rel}","templated":true}]}}