{"id":383,"date":"2020-09-09T09:18:22","date_gmt":"2020-09-09T08:18:22","guid":{"rendered":"https:\/\/www.expert-pdf.com\/fr\/?page_id=383"},"modified":"2025-01-23T09:34:10","modified_gmt":"2025-01-23T09:34:10","slug":"expert-pdf-professional","status":"publish","type":"page","link":"https:\/\/www.expert-pdf.com\/fr\/expert-pdf-professional","title":{"rendered":"Expert PDF Professional"},"content":{"rendered":"","protected":false},"excerpt":{"rendered":"","protected":false},"author":1,"featured_media":1598,"parent":0,"menu_order":0,"comment_status":"closed","ping_status":"closed","template":"templates\/page-product.php","meta":{"inline_featured_image":false},"acf":[],"yoast_head":"<!-- This site is optimized with the Yoast SEO plugin v20.0 - https:\/\/yoast.com\/wordpress\/plugins\/seo\/ -->\n<title>Expert PDF Professional : La solution compl\u00e8te qui vous facilite vos cr\u00e9ations, conversions de vos fichiers PDF<\/title>\n<meta name=\"description\" content=\"Expert PDF 14 Professional est le logiciel de r\u00e9f\u00e9rence pour convertir, cr\u00e9er, personnaliser vos fichiers PDF et s\u00e9curise vos donn\u00e9es sensibles.\" \/>\n<meta name=\"robots\" content=\"index, follow, max-snippet:-1, max-image-preview:large, max-video-preview:-1\" \/>\n<link rel=\"canonical\" href=\"https:\/\/www.expert-pdf.com\/fr\/expert-pdf-professional\" \/>\n<meta property=\"og:locale\" content=\"en_GB\" \/>\n<meta property=\"og:type\" content=\"article\" \/>\n<meta property=\"og:title\" content=\"Expert PDF Professional : La solution compl\u00e8te qui vous facilite vos cr\u00e9ations, conversions de vos fichiers PDF\" \/>\n<meta property=\"og:description\" content=\"Expert PDF 14 Professional est le logiciel de r\u00e9f\u00e9rence pour convertir, cr\u00e9er, personnaliser vos fichiers PDF et s\u00e9curise vos donn\u00e9es sensibles.\" \/>\n<meta property=\"og:url\" content=\"https:\/\/www.expert-pdf.com\/fr\/expert-pdf-professional\" \/>\n<meta property=\"og:site_name\" content=\"Expert PDF FR\" \/>\n<meta property=\"article:modified_time\" content=\"2025-01-23T09:34:10+00:00\" \/>\n<meta property=\"og:image\" content=\"https:\/\/cda.expert-pdf.com\/wp-content\/uploads\/sites\/2\/2021\/08\/expPDF-Pro-pack-615px.png\" \/>\n\t<meta property=\"og:image:width\" content=\"615\" \/>\n\t<meta property=\"og:image:height\" content=\"752\" \/>\n\t<meta property=\"og:image:type\" content=\"image\/png\" \/>\n<meta name=\"twitter:card\" content=\"summary_large_image\" \/>\n<script type=\"application\/ld+json\" class=\"yoast-schema-graph\">{\"@context\":\"https:\/\/schema.org\",\"@graph\":[{\"@type\":\"WebPage\",\"@id\":\"https:\/\/www.expert-pdf.com\/fr\/expert-pdf-professional\",\"url\":\"https:\/\/www.expert-pdf.com\/fr\/expert-pdf-professional\",\"name\":\"Expert PDF Professional : La solution compl\u00e8te qui vous facilite vos cr\u00e9ations, conversions de vos fichiers PDF\",\"isPartOf\":{\"@id\":\"https:\/\/www.expert-pdf.com\/fr\/#website\"},\"datePublished\":\"2020-09-09T08:18:22+00:00\",\"dateModified\":\"2025-01-23T09:34:10+00:00\",\"description\":\"Expert PDF 14 Professional est le logiciel de r\u00e9f\u00e9rence pour convertir, cr\u00e9er, personnaliser vos fichiers PDF et s\u00e9curise vos donn\u00e9es sensibles.\",\"inLanguage\":\"en-GB\",\"potentialAction\":[{\"@type\":\"ReadAction\",\"target\":[\"https:\/\/www.expert-pdf.com\/fr\/expert-pdf-professional\"]}]},{\"@type\":\"WebSite\",\"@id\":\"https:\/\/www.expert-pdf.com\/fr\/#website\",\"url\":\"https:\/\/www.expert-pdf.com\/fr\/\",\"name\":\"Expert PDF FR\",\"description\":\"Just another Expert PDF Sites site\",\"potentialAction\":[{\"@type\":\"SearchAction\",\"target\":{\"@type\":\"EntryPoint\",\"urlTemplate\":\"https:\/\/www.expert-pdf.com\/fr\/?s={search_term_string}\"},\"query-input\":\"required name=search_term_string\"}],\"inLanguage\":\"en-GB\"}]}<\/script>\n<!-- \/ Yoast SEO plugin. -->","yoast_head_json":{"title":"Expert PDF Professional : La solution compl\u00e8te qui vous facilite vos cr\u00e9ations, conversions de vos fichiers PDF","description":"Expert PDF 14 Professional est le logiciel de r\u00e9f\u00e9rence pour convertir, cr\u00e9er, personnaliser vos fichiers PDF et s\u00e9curise vos donn\u00e9es sensibles.","robots":{"index":"index","follow":"follow","max-snippet":"max-snippet:-1","max-image-preview":"max-image-preview:large","max-video-preview":"max-video-preview:-1"},"canonical":"https:\/\/www.expert-pdf.com\/fr\/expert-pdf-professional","og_locale":"en_GB","og_type":"article","og_title":"Expert PDF Professional : La solution compl\u00e8te qui vous facilite vos cr\u00e9ations, conversions de vos fichiers PDF","og_description":"Expert PDF 14 Professional est le logiciel de r\u00e9f\u00e9rence pour convertir, cr\u00e9er, personnaliser vos fichiers PDF et s\u00e9curise vos donn\u00e9es sensibles.","og_url":"https:\/\/www.expert-pdf.com\/fr\/expert-pdf-professional","og_site_name":"Expert PDF FR","article_modified_time":"2025-01-23T09:34:10+00:00","og_image":[{"width":615,"height":752,"url":"https:\/\/cda.expert-pdf.com\/wp-content\/uploads\/sites\/2\/2021\/08\/expPDF-Pro-pack-615px.png","type":"image\/png"}],"twitter_card":"summary_large_image","schema":{"@context":"https:\/\/schema.org","@graph":[{"@type":"WebPage","@id":"https:\/\/www.expert-pdf.com\/fr\/expert-pdf-professional","url":"https:\/\/www.expert-pdf.com\/fr\/expert-pdf-professional","name":"Expert PDF Professional : La solution compl\u00e8te qui vous facilite vos cr\u00e9ations, conversions de vos fichiers PDF","isPartOf":{"@id":"https:\/\/www.expert-pdf.com\/fr\/#website"},"datePublished":"2020-09-09T08:18:22+00:00","dateModified":"2025-01-23T09:34:10+00:00","description":"Expert PDF 14 Professional est le logiciel de r\u00e9f\u00e9rence pour convertir, cr\u00e9er, personnaliser vos fichiers PDF et s\u00e9curise vos donn\u00e9es sensibles.","inLanguage":"en-GB","potentialAction":[{"@type":"ReadAction","target":["https:\/\/www.expert-pdf.com\/fr\/expert-pdf-professional"]}]},{"@type":"WebSite","@id":"https:\/\/www.expert-pdf.com\/fr\/#website","url":"https:\/\/www.expert-pdf.com\/fr\/","name":"Expert PDF FR","description":"Just another Expert PDF Sites site","potentialAction":[{"@type":"SearchAction","target":{"@type":"EntryPoint","urlTemplate":"https:\/\/www.expert-pdf.com\/fr\/?s={search_term_string}"},"query-input":"required name=search_term_string"}],"inLanguage":"en-GB"}]}},"_links":{"self":[{"href":"https:\/\/www.expert-pdf.com\/fr\/wp-json\/wp\/v2\/pages\/383"}],"collection":[{"href":"https:\/\/www.expert-pdf.com\/fr\/wp-json\/wp\/v2\/pages"}],"about":[{"href":"https:\/\/www.expert-pdf.com\/fr\/wp-json\/wp\/v2\/types\/page"}],"author":[{"embeddable":true,"href":"https:\/\/www.expert-pdf.com\/fr\/wp-json\/wp\/v2\/users\/1"}],"replies":[{"embeddable":true,"href":"https:\/\/www.expert-pdf.com\/fr\/wp-json\/wp\/v2\/comments?post=383"}],"version-history":[{"count":7,"href":"https:\/\/www.expert-pdf.com\/fr\/wp-json\/wp\/v2\/pages\/383\/revisions"}],"predecessor-version":[{"id":2188,"href":"https:\/\/www.expert-pdf.com\/fr\/wp-json\/wp\/v2\/pages\/383\/revisions\/2188"}],"wp:featuredmedia":[{"embeddable":true,"href":"https:\/\/www.expert-pdf.com\/fr\/wp-json\/wp\/v2\/media\/1598"}],"wp:attachment":[{"href":"https:\/\/www.expert-pdf.com\/fr\/wp-json\/wp\/v2\/media?parent=383"}],"curies":[{"name":"wp","href":"https:\/\/api.w.org\/{rel}","templated":true}]}}