{"id":349,"date":"2020-09-08T17:25:29","date_gmt":"2020-09-08T16:25:29","guid":{"rendered":"https:\/\/www.expert-pdf.com\/fr\/?page_id=349"},"modified":"2025-01-23T10:20:33","modified_gmt":"2025-01-23T10:20:33","slug":"business","status":"publish","type":"page","link":"https:\/\/www.expert-pdf.com\/fr\/business","title":{"rendered":"Business"},"content":{"rendered":"","protected":false},"excerpt":{"rendered":"","protected":false},"author":1,"featured_media":0,"parent":0,"menu_order":0,"comment_status":"closed","ping_status":"closed","template":"templates\/page-business.php","meta":{"inline_featured_image":false},"acf":[],"yoast_head":"<!-- This site is optimized with the Yoast SEO plugin v20.0 - https:\/\/yoast.com\/wordpress\/plugins\/seo\/ -->\n<title>Expert PDF \u00ae |La Solution PDF simplifi\u00e9e pour les Pros et les Entreprises.<\/title>\n<meta name=\"description\" content=\"Logiciel Expert PDF d\u00e9di\u00e9 aux Entreprises | Convertir- Modifier - Cr\u00e9er facilement des fichiers PDF gr\u00e2ce au logiciel EXPERT PDF - T\u00e9l\u00e9chargement Imm\u00e9diat\" \/>\n<meta name=\"robots\" content=\"index, follow, max-snippet:-1, max-image-preview:large, max-video-preview:-1\" \/>\n<link rel=\"canonical\" href=\"https:\/\/www.expert-pdf.com\/fr\/business\" \/>\n<meta property=\"og:locale\" content=\"en_GB\" \/>\n<meta property=\"og:type\" content=\"article\" \/>\n<meta property=\"og:title\" content=\"Expert PDF \u00ae |La Solution PDF simplifi\u00e9e pour les Pros et les Entreprises.\" \/>\n<meta property=\"og:description\" content=\"Logiciel Expert PDF d\u00e9di\u00e9 aux Entreprises | Convertir- Modifier - Cr\u00e9er facilement des fichiers PDF gr\u00e2ce au logiciel EXPERT PDF - T\u00e9l\u00e9chargement Imm\u00e9diat\" \/>\n<meta property=\"og:url\" content=\"https:\/\/www.expert-pdf.com\/fr\/business\" \/>\n<meta property=\"og:site_name\" content=\"Expert PDF FR\" \/>\n<meta property=\"article:modified_time\" content=\"2025-01-23T10:20:33+00:00\" \/>\n<meta name=\"twitter:card\" content=\"summary_large_image\" \/>\n<script type=\"application\/ld+json\" class=\"yoast-schema-graph\">{\"@context\":\"https:\/\/schema.org\",\"@graph\":[{\"@type\":\"WebPage\",\"@id\":\"https:\/\/www.expert-pdf.com\/fr\/business\",\"url\":\"https:\/\/www.expert-pdf.com\/fr\/business\",\"name\":\"Expert PDF \u00ae |La Solution PDF simplifi\u00e9e pour les Pros et les Entreprises.\",\"isPartOf\":{\"@id\":\"https:\/\/www.expert-pdf.com\/fr\/#website\"},\"datePublished\":\"2020-09-08T16:25:29+00:00\",\"dateModified\":\"2025-01-23T10:20:33+00:00\",\"description\":\"Logiciel Expert PDF d\u00e9di\u00e9 aux Entreprises | Convertir- Modifier - Cr\u00e9er facilement des fichiers PDF gr\u00e2ce au logiciel EXPERT PDF - T\u00e9l\u00e9chargement Imm\u00e9diat\",\"inLanguage\":\"en-GB\",\"potentialAction\":[{\"@type\":\"ReadAction\",\"target\":[\"https:\/\/www.expert-pdf.com\/fr\/business\"]}]},{\"@type\":\"WebSite\",\"@id\":\"https:\/\/www.expert-pdf.com\/fr\/#website\",\"url\":\"https:\/\/www.expert-pdf.com\/fr\/\",\"name\":\"Expert PDF FR\",\"description\":\"Just another Expert PDF Sites site\",\"potentialAction\":[{\"@type\":\"SearchAction\",\"target\":{\"@type\":\"EntryPoint\",\"urlTemplate\":\"https:\/\/www.expert-pdf.com\/fr\/?s={search_term_string}\"},\"query-input\":\"required name=search_term_string\"}],\"inLanguage\":\"en-GB\"}]}<\/script>\n<!-- \/ Yoast SEO plugin. -->","yoast_head_json":{"title":"Expert PDF \u00ae |La Solution PDF simplifi\u00e9e pour les Pros et les Entreprises.","description":"Logiciel Expert PDF d\u00e9di\u00e9 aux Entreprises | Convertir- Modifier - Cr\u00e9er facilement des fichiers PDF gr\u00e2ce au logiciel EXPERT PDF - T\u00e9l\u00e9chargement Imm\u00e9diat","robots":{"index":"index","follow":"follow","max-snippet":"max-snippet:-1","max-image-preview":"max-image-preview:large","max-video-preview":"max-video-preview:-1"},"canonical":"https:\/\/www.expert-pdf.com\/fr\/business","og_locale":"en_GB","og_type":"article","og_title":"Expert PDF \u00ae |La Solution PDF simplifi\u00e9e pour les Pros et les Entreprises.","og_description":"Logiciel Expert PDF d\u00e9di\u00e9 aux Entreprises | Convertir- Modifier - Cr\u00e9er facilement des fichiers PDF gr\u00e2ce au logiciel EXPERT PDF - T\u00e9l\u00e9chargement Imm\u00e9diat","og_url":"https:\/\/www.expert-pdf.com\/fr\/business","og_site_name":"Expert PDF FR","article_modified_time":"2025-01-23T10:20:33+00:00","twitter_card":"summary_large_image","schema":{"@context":"https:\/\/schema.org","@graph":[{"@type":"WebPage","@id":"https:\/\/www.expert-pdf.com\/fr\/business","url":"https:\/\/www.expert-pdf.com\/fr\/business","name":"Expert PDF \u00ae |La Solution PDF simplifi\u00e9e pour les Pros et les Entreprises.","isPartOf":{"@id":"https:\/\/www.expert-pdf.com\/fr\/#website"},"datePublished":"2020-09-08T16:25:29+00:00","dateModified":"2025-01-23T10:20:33+00:00","description":"Logiciel Expert PDF d\u00e9di\u00e9 aux Entreprises | Convertir- Modifier - Cr\u00e9er facilement des fichiers PDF gr\u00e2ce au logiciel EXPERT PDF - T\u00e9l\u00e9chargement Imm\u00e9diat","inLanguage":"en-GB","potentialAction":[{"@type":"ReadAction","target":["https:\/\/www.expert-pdf.com\/fr\/business"]}]},{"@type":"WebSite","@id":"https:\/\/www.expert-pdf.com\/fr\/#website","url":"https:\/\/www.expert-pdf.com\/fr\/","name":"Expert PDF FR","description":"Just another Expert PDF Sites site","potentialAction":[{"@type":"SearchAction","target":{"@type":"EntryPoint","urlTemplate":"https:\/\/www.expert-pdf.com\/fr\/?s={search_term_string}"},"query-input":"required name=search_term_string"}],"inLanguage":"en-GB"}]}},"_links":{"self":[{"href":"https:\/\/www.expert-pdf.com\/fr\/wp-json\/wp\/v2\/pages\/349"}],"collection":[{"href":"https:\/\/www.expert-pdf.com\/fr\/wp-json\/wp\/v2\/pages"}],"about":[{"href":"https:\/\/www.expert-pdf.com\/fr\/wp-json\/wp\/v2\/types\/page"}],"author":[{"embeddable":true,"href":"https:\/\/www.expert-pdf.com\/fr\/wp-json\/wp\/v2\/users\/1"}],"replies":[{"embeddable":true,"href":"https:\/\/www.expert-pdf.com\/fr\/wp-json\/wp\/v2\/comments?post=349"}],"version-history":[{"count":20,"href":"https:\/\/www.expert-pdf.com\/fr\/wp-json\/wp\/v2\/pages\/349\/revisions"}],"predecessor-version":[{"id":2195,"href":"https:\/\/www.expert-pdf.com\/fr\/wp-json\/wp\/v2\/pages\/349\/revisions\/2195"}],"wp:attachment":[{"href":"https:\/\/www.expert-pdf.com\/fr\/wp-json\/wp\/v2\/media?parent=349"}],"curies":[{"name":"wp","href":"https:\/\/api.w.org\/{rel}","templated":true}]}}