{"id":481,"date":"2020-09-09T23:18:21","date_gmt":"2020-09-09T22:18:21","guid":{"rendered":"https:\/\/www.expert-pdf.com\/es\/?page_id=481"},"modified":"2021-09-29T10:57:52","modified_gmt":"2021-09-29T09:57:52","slug":"firma-electronica","status":"publish","type":"page","link":"https:\/\/www.expert-pdf.com\/es\/ppc\/firma-electronica","title":{"rendered":"Firma electr\u00f3nica"},"content":{"rendered":"","protected":false},"excerpt":{"rendered":"","protected":false},"author":1,"featured_media":0,"parent":455,"menu_order":0,"comment_status":"closed","ping_status":"closed","template":"templates\/page-e-sign.php","meta":{"inline_featured_image":false},"acf":[],"yoast_head":"<!-- This site is optimized with the Yoast SEO plugin v20.0 - https:\/\/yoast.com\/wordpress\/plugins\/seo\/ -->\n<title>Firma electr\u00f3nica - Expert PDF<\/title>\n<meta name=\"description\" content=\"\u00a1No m\u00e1s papel! Acceda a la firma electr\u00f3nica de sus documentos y contratos. F\u00e1cil y seguro, \u00a1pru\u00e9belo en un clic!\" \/>\n<meta name=\"robots\" content=\"noindex, nofollow\" \/>\n<meta property=\"og:locale\" content=\"en_GB\" \/>\n<meta property=\"og:type\" content=\"article\" \/>\n<meta property=\"og:title\" content=\"Firma electr\u00f3nica - Expert PDF\" \/>\n<meta property=\"og:description\" content=\"\u00a1No m\u00e1s papel! Acceda a la firma electr\u00f3nica de sus documentos y contratos. F\u00e1cil y seguro, \u00a1pru\u00e9belo en un clic!\" \/>\n<meta property=\"og:url\" content=\"https:\/\/www.expert-pdf.com\/es\/ppc\/firma-electronica\" \/>\n<meta property=\"og:site_name\" content=\"Expert PDF ES\" \/>\n<meta property=\"article:modified_time\" content=\"2021-09-29T09:57:52+00:00\" \/>\n<meta name=\"twitter:card\" content=\"summary_large_image\" \/>\n<script type=\"application\/ld+json\" class=\"yoast-schema-graph\">{\"@context\":\"https:\/\/schema.org\",\"@graph\":[{\"@type\":\"WebPage\",\"@id\":\"https:\/\/www.expert-pdf.com\/es\/ppc\/firma-electronica\",\"url\":\"https:\/\/www.expert-pdf.com\/es\/ppc\/firma-electronica\",\"name\":\"Firma electr\u00f3nica - Expert PDF\",\"isPartOf\":{\"@id\":\"https:\/\/www.expert-pdf.com\/es\/#website\"},\"datePublished\":\"2020-09-09T22:18:21+00:00\",\"dateModified\":\"2021-09-29T09:57:52+00:00\",\"description\":\"\u00a1No m\u00e1s papel! Acceda a la firma electr\u00f3nica de sus documentos y contratos. F\u00e1cil y seguro, \u00a1pru\u00e9belo en un clic!\",\"breadcrumb\":{\"@id\":\"https:\/\/www.expert-pdf.com\/es\/ppc\/firma-electronica#breadcrumb\"},\"inLanguage\":\"en-GB\",\"potentialAction\":[{\"@type\":\"ReadAction\",\"target\":[\"https:\/\/www.expert-pdf.com\/es\/ppc\/firma-electronica\"]}]},{\"@type\":\"BreadcrumbList\",\"@id\":\"https:\/\/www.expert-pdf.com\/es\/ppc\/firma-electronica#breadcrumb\",\"itemListElement\":[{\"@type\":\"ListItem\",\"position\":1,\"name\":\"PPC\",\"item\":\"https:\/\/www.expert-pdf.com\/es\/ppc\"},{\"@type\":\"ListItem\",\"position\":2,\"name\":\"Firma electr\u00f3nica\"}]},{\"@type\":\"WebSite\",\"@id\":\"https:\/\/www.expert-pdf.com\/es\/#website\",\"url\":\"https:\/\/www.expert-pdf.com\/es\/\",\"name\":\"Expert PDF ES\",\"description\":\"Just another Expert PDF Sites site\",\"potentialAction\":[{\"@type\":\"SearchAction\",\"target\":{\"@type\":\"EntryPoint\",\"urlTemplate\":\"https:\/\/www.expert-pdf.com\/es\/?s={search_term_string}\"},\"query-input\":\"required name=search_term_string\"}],\"inLanguage\":\"en-GB\"}]}<\/script>\n<!-- \/ Yoast SEO plugin. -->","yoast_head_json":{"title":"Firma electr\u00f3nica - Expert PDF","description":"\u00a1No m\u00e1s papel! Acceda a la firma electr\u00f3nica de sus documentos y contratos. F\u00e1cil y seguro, \u00a1pru\u00e9belo en un clic!","robots":{"index":"noindex","follow":"nofollow"},"og_locale":"en_GB","og_type":"article","og_title":"Firma electr\u00f3nica - Expert PDF","og_description":"\u00a1No m\u00e1s papel! Acceda a la firma electr\u00f3nica de sus documentos y contratos. F\u00e1cil y seguro, \u00a1pru\u00e9belo en un clic!","og_url":"https:\/\/www.expert-pdf.com\/es\/ppc\/firma-electronica","og_site_name":"Expert PDF ES","article_modified_time":"2021-09-29T09:57:52+00:00","twitter_card":"summary_large_image","schema":{"@context":"https:\/\/schema.org","@graph":[{"@type":"WebPage","@id":"https:\/\/www.expert-pdf.com\/es\/ppc\/firma-electronica","url":"https:\/\/www.expert-pdf.com\/es\/ppc\/firma-electronica","name":"Firma electr\u00f3nica - Expert PDF","isPartOf":{"@id":"https:\/\/www.expert-pdf.com\/es\/#website"},"datePublished":"2020-09-09T22:18:21+00:00","dateModified":"2021-09-29T09:57:52+00:00","description":"\u00a1No m\u00e1s papel! Acceda a la firma electr\u00f3nica de sus documentos y contratos. F\u00e1cil y seguro, \u00a1pru\u00e9belo en un clic!","breadcrumb":{"@id":"https:\/\/www.expert-pdf.com\/es\/ppc\/firma-electronica#breadcrumb"},"inLanguage":"en-GB","potentialAction":[{"@type":"ReadAction","target":["https:\/\/www.expert-pdf.com\/es\/ppc\/firma-electronica"]}]},{"@type":"BreadcrumbList","@id":"https:\/\/www.expert-pdf.com\/es\/ppc\/firma-electronica#breadcrumb","itemListElement":[{"@type":"ListItem","position":1,"name":"PPC","item":"https:\/\/www.expert-pdf.com\/es\/ppc"},{"@type":"ListItem","position":2,"name":"Firma electr\u00f3nica"}]},{"@type":"WebSite","@id":"https:\/\/www.expert-pdf.com\/es\/#website","url":"https:\/\/www.expert-pdf.com\/es\/","name":"Expert PDF ES","description":"Just another Expert PDF Sites site","potentialAction":[{"@type":"SearchAction","target":{"@type":"EntryPoint","urlTemplate":"https:\/\/www.expert-pdf.com\/es\/?s={search_term_string}"},"query-input":"required name=search_term_string"}],"inLanguage":"en-GB"}]}},"_links":{"self":[{"href":"https:\/\/www.expert-pdf.com\/es\/wp-json\/wp\/v2\/pages\/481"}],"collection":[{"href":"https:\/\/www.expert-pdf.com\/es\/wp-json\/wp\/v2\/pages"}],"about":[{"href":"https:\/\/www.expert-pdf.com\/es\/wp-json\/wp\/v2\/types\/page"}],"author":[{"embeddable":true,"href":"https:\/\/www.expert-pdf.com\/es\/wp-json\/wp\/v2\/users\/1"}],"replies":[{"embeddable":true,"href":"https:\/\/www.expert-pdf.com\/es\/wp-json\/wp\/v2\/comments?post=481"}],"version-history":[{"count":2,"href":"https:\/\/www.expert-pdf.com\/es\/wp-json\/wp\/v2\/pages\/481\/revisions"}],"predecessor-version":[{"id":483,"href":"https:\/\/www.expert-pdf.com\/es\/wp-json\/wp\/v2\/pages\/481\/revisions\/483"}],"up":[{"embeddable":true,"href":"https:\/\/www.expert-pdf.com\/es\/wp-json\/wp\/v2\/pages\/455"}],"wp:attachment":[{"href":"https:\/\/www.expert-pdf.com\/es\/wp-json\/wp\/v2\/media?parent=481"}],"curies":[{"name":"wp","href":"https:\/\/api.w.org\/{rel}","templated":true}]}}