{"id":380,"date":"2020-09-09T21:38:57","date_gmt":"2020-09-09T20:38:57","guid":{"rendered":"https:\/\/www.expert-pdf.com\/es\/?page_id=380"},"modified":"2025-01-23T10:11:33","modified_gmt":"2025-01-23T10:11:33","slug":"firma-electronica","status":"publish","type":"page","link":"https:\/\/www.expert-pdf.com\/es\/firma-electronica","title":{"rendered":"Firma electr\u00f3nica"},"content":{"rendered":"","protected":false},"excerpt":{"rendered":"","protected":false},"author":1,"featured_media":0,"parent":0,"menu_order":0,"comment_status":"closed","ping_status":"closed","template":"templates\/page-e-sign.php","meta":{"inline_featured_image":false},"acf":[],"yoast_head":"<!-- This site is optimized with the Yoast SEO plugin v20.0 - https:\/\/yoast.com\/wordpress\/plugins\/seo\/ -->\n<title>Firma electr\u00f3nica - Expert PDF<\/title>\n<meta name=\"description\" content=\"\u00a1No m\u00e1s papel! Acceda a la firma electr\u00f3nica de sus documentos y contratos. F\u00e1cil y seguro, \u00a1pru\u00e9belo en un clic!\" \/>\n<meta name=\"robots\" content=\"index, follow, max-snippet:-1, max-image-preview:large, max-video-preview:-1\" \/>\n<link rel=\"canonical\" href=\"https:\/\/www.expert-pdf.com\/es\/firma-electronica\" \/>\n<meta property=\"og:locale\" content=\"en_GB\" \/>\n<meta property=\"og:type\" content=\"article\" \/>\n<meta property=\"og:title\" content=\"Firma electr\u00f3nica - Expert PDF\" \/>\n<meta property=\"og:description\" content=\"\u00a1No m\u00e1s papel! Acceda a la firma electr\u00f3nica de sus documentos y contratos. F\u00e1cil y seguro, \u00a1pru\u00e9belo en un clic!\" \/>\n<meta property=\"og:url\" content=\"https:\/\/www.expert-pdf.com\/es\/firma-electronica\" \/>\n<meta property=\"og:site_name\" content=\"Expert PDF ES\" \/>\n<meta property=\"article:modified_time\" content=\"2025-01-23T10:11:33+00:00\" \/>\n<meta name=\"twitter:card\" content=\"summary_large_image\" \/>\n<script type=\"application\/ld+json\" class=\"yoast-schema-graph\">{\"@context\":\"https:\/\/schema.org\",\"@graph\":[{\"@type\":\"WebPage\",\"@id\":\"https:\/\/www.expert-pdf.com\/es\/firma-electronica\",\"url\":\"https:\/\/www.expert-pdf.com\/es\/firma-electronica\",\"name\":\"Firma electr\u00f3nica - Expert PDF\",\"isPartOf\":{\"@id\":\"https:\/\/www.expert-pdf.com\/es\/#website\"},\"datePublished\":\"2020-09-09T20:38:57+00:00\",\"dateModified\":\"2025-01-23T10:11:33+00:00\",\"description\":\"\u00a1No m\u00e1s papel! Acceda a la firma electr\u00f3nica de sus documentos y contratos. F\u00e1cil y seguro, \u00a1pru\u00e9belo en un clic!\",\"inLanguage\":\"en-GB\",\"potentialAction\":[{\"@type\":\"ReadAction\",\"target\":[\"https:\/\/www.expert-pdf.com\/es\/firma-electronica\"]}]},{\"@type\":\"WebSite\",\"@id\":\"https:\/\/www.expert-pdf.com\/es\/#website\",\"url\":\"https:\/\/www.expert-pdf.com\/es\/\",\"name\":\"Expert PDF ES\",\"description\":\"Just another Expert PDF Sites site\",\"potentialAction\":[{\"@type\":\"SearchAction\",\"target\":{\"@type\":\"EntryPoint\",\"urlTemplate\":\"https:\/\/www.expert-pdf.com\/es\/?s={search_term_string}\"},\"query-input\":\"required name=search_term_string\"}],\"inLanguage\":\"en-GB\"}]}<\/script>\n<!-- \/ Yoast SEO plugin. -->","yoast_head_json":{"title":"Firma electr\u00f3nica - Expert PDF","description":"\u00a1No m\u00e1s papel! Acceda a la firma electr\u00f3nica de sus documentos y contratos. F\u00e1cil y seguro, \u00a1pru\u00e9belo en un clic!","robots":{"index":"index","follow":"follow","max-snippet":"max-snippet:-1","max-image-preview":"max-image-preview:large","max-video-preview":"max-video-preview:-1"},"canonical":"https:\/\/www.expert-pdf.com\/es\/firma-electronica","og_locale":"en_GB","og_type":"article","og_title":"Firma electr\u00f3nica - Expert PDF","og_description":"\u00a1No m\u00e1s papel! Acceda a la firma electr\u00f3nica de sus documentos y contratos. F\u00e1cil y seguro, \u00a1pru\u00e9belo en un clic!","og_url":"https:\/\/www.expert-pdf.com\/es\/firma-electronica","og_site_name":"Expert PDF ES","article_modified_time":"2025-01-23T10:11:33+00:00","twitter_card":"summary_large_image","schema":{"@context":"https:\/\/schema.org","@graph":[{"@type":"WebPage","@id":"https:\/\/www.expert-pdf.com\/es\/firma-electronica","url":"https:\/\/www.expert-pdf.com\/es\/firma-electronica","name":"Firma electr\u00f3nica - Expert PDF","isPartOf":{"@id":"https:\/\/www.expert-pdf.com\/es\/#website"},"datePublished":"2020-09-09T20:38:57+00:00","dateModified":"2025-01-23T10:11:33+00:00","description":"\u00a1No m\u00e1s papel! Acceda a la firma electr\u00f3nica de sus documentos y contratos. F\u00e1cil y seguro, \u00a1pru\u00e9belo en un clic!","inLanguage":"en-GB","potentialAction":[{"@type":"ReadAction","target":["https:\/\/www.expert-pdf.com\/es\/firma-electronica"]}]},{"@type":"WebSite","@id":"https:\/\/www.expert-pdf.com\/es\/#website","url":"https:\/\/www.expert-pdf.com\/es\/","name":"Expert PDF ES","description":"Just another Expert PDF Sites site","potentialAction":[{"@type":"SearchAction","target":{"@type":"EntryPoint","urlTemplate":"https:\/\/www.expert-pdf.com\/es\/?s={search_term_string}"},"query-input":"required name=search_term_string"}],"inLanguage":"en-GB"}]}},"_links":{"self":[{"href":"https:\/\/www.expert-pdf.com\/es\/wp-json\/wp\/v2\/pages\/380"}],"collection":[{"href":"https:\/\/www.expert-pdf.com\/es\/wp-json\/wp\/v2\/pages"}],"about":[{"href":"https:\/\/www.expert-pdf.com\/es\/wp-json\/wp\/v2\/types\/page"}],"author":[{"embeddable":true,"href":"https:\/\/www.expert-pdf.com\/es\/wp-json\/wp\/v2\/users\/1"}],"replies":[{"embeddable":true,"href":"https:\/\/www.expert-pdf.com\/es\/wp-json\/wp\/v2\/comments?post=380"}],"version-history":[{"count":5,"href":"https:\/\/www.expert-pdf.com\/es\/wp-json\/wp\/v2\/pages\/380\/revisions"}],"predecessor-version":[{"id":1422,"href":"https:\/\/www.expert-pdf.com\/es\/wp-json\/wp\/v2\/pages\/380\/revisions\/1422"}],"wp:attachment":[{"href":"https:\/\/www.expert-pdf.com\/es\/wp-json\/wp\/v2\/media?parent=380"}],"curies":[{"name":"wp","href":"https:\/\/api.w.org\/{rel}","templated":true}]}}