{"id":373,"date":"2020-09-09T21:36:30","date_gmt":"2020-09-09T20:36:30","guid":{"rendered":"https:\/\/www.expert-pdf.com\/es\/?page_id=373"},"modified":"2022-01-27T10:54:02","modified_gmt":"2022-01-27T10:54:02","slug":"conversion-pdf-ocr","status":"publish","type":"page","link":"https:\/\/www.expert-pdf.com\/es\/conversion-pdf-ocr","title":{"rendered":"Conversion PDF OCR"},"content":{"rendered":"","protected":false},"excerpt":{"rendered":"","protected":false},"author":1,"featured_media":0,"parent":0,"menu_order":0,"comment_status":"closed","ping_status":"closed","template":"templates\/page-ocr.php","meta":{"inline_featured_image":false},"acf":[],"yoast_head":"<!-- This site is optimized with the Yoast SEO plugin v20.0 - https:\/\/yoast.com\/wordpress\/plugins\/seo\/ -->\n<title>Conversi\u00f3n de PDF con OCR - Conversi\u00f3n de PDF con el Reconocimiento \u00d3ptico de Car\u00e1cteres | Expert PDF<\/title>\n<meta name=\"description\" content=\"Transforme documentos escaneados e im\u00e1genes en PDF editables con la galardonada tecnolog\u00eda de OCR I.R.I.S. Reconozca texto autom\u00e1ticamente y dentro de im\u00e1genes.\" \/>\n<meta name=\"robots\" content=\"index, follow, max-snippet:-1, max-image-preview:large, max-video-preview:-1\" \/>\n<link rel=\"canonical\" href=\"https:\/\/www.expert-pdf.com\/es\/conversion-pdf-ocr\" \/>\n<meta property=\"og:locale\" content=\"en_GB\" \/>\n<meta property=\"og:type\" content=\"article\" \/>\n<meta property=\"og:title\" content=\"Conversi\u00f3n de PDF con OCR - Conversi\u00f3n de PDF con el Reconocimiento \u00d3ptico de Car\u00e1cteres | Expert PDF\" \/>\n<meta property=\"og:description\" content=\"Transforme documentos escaneados e im\u00e1genes en PDF editables con la galardonada tecnolog\u00eda de OCR I.R.I.S. Reconozca texto autom\u00e1ticamente y dentro de im\u00e1genes.\" \/>\n<meta property=\"og:url\" content=\"https:\/\/www.expert-pdf.com\/es\/conversion-pdf-ocr\" \/>\n<meta property=\"og:site_name\" content=\"Expert PDF ES\" \/>\n<meta property=\"article:modified_time\" content=\"2022-01-27T10:54:02+00:00\" \/>\n<meta name=\"twitter:card\" content=\"summary_large_image\" \/>\n<script type=\"application\/ld+json\" class=\"yoast-schema-graph\">{\"@context\":\"https:\/\/schema.org\",\"@graph\":[{\"@type\":\"WebPage\",\"@id\":\"https:\/\/www.expert-pdf.com\/es\/conversion-pdf-ocr\",\"url\":\"https:\/\/www.expert-pdf.com\/es\/conversion-pdf-ocr\",\"name\":\"Conversi\u00f3n de PDF con OCR - Conversi\u00f3n de PDF con el Reconocimiento \u00d3ptico de Car\u00e1cteres | Expert PDF\",\"isPartOf\":{\"@id\":\"https:\/\/www.expert-pdf.com\/es\/#website\"},\"datePublished\":\"2020-09-09T20:36:30+00:00\",\"dateModified\":\"2022-01-27T10:54:02+00:00\",\"description\":\"Transforme documentos escaneados e im\u00e1genes en PDF editables con la galardonada tecnolog\u00eda de OCR I.R.I.S. Reconozca texto autom\u00e1ticamente y dentro de im\u00e1genes.\",\"inLanguage\":\"en-GB\",\"potentialAction\":[{\"@type\":\"ReadAction\",\"target\":[\"https:\/\/www.expert-pdf.com\/es\/conversion-pdf-ocr\"]}]},{\"@type\":\"WebSite\",\"@id\":\"https:\/\/www.expert-pdf.com\/es\/#website\",\"url\":\"https:\/\/www.expert-pdf.com\/es\/\",\"name\":\"Expert PDF ES\",\"description\":\"Just another Expert PDF Sites site\",\"potentialAction\":[{\"@type\":\"SearchAction\",\"target\":{\"@type\":\"EntryPoint\",\"urlTemplate\":\"https:\/\/www.expert-pdf.com\/es\/?s={search_term_string}\"},\"query-input\":\"required name=search_term_string\"}],\"inLanguage\":\"en-GB\"}]}<\/script>\n<!-- \/ Yoast SEO plugin. -->","yoast_head_json":{"title":"Conversi\u00f3n de PDF con OCR - Conversi\u00f3n de PDF con el Reconocimiento \u00d3ptico de Car\u00e1cteres | Expert PDF","description":"Transforme documentos escaneados e im\u00e1genes en PDF editables con la galardonada tecnolog\u00eda de OCR I.R.I.S. Reconozca texto autom\u00e1ticamente y dentro de im\u00e1genes.","robots":{"index":"index","follow":"follow","max-snippet":"max-snippet:-1","max-image-preview":"max-image-preview:large","max-video-preview":"max-video-preview:-1"},"canonical":"https:\/\/www.expert-pdf.com\/es\/conversion-pdf-ocr","og_locale":"en_GB","og_type":"article","og_title":"Conversi\u00f3n de PDF con OCR - Conversi\u00f3n de PDF con el Reconocimiento \u00d3ptico de Car\u00e1cteres | Expert PDF","og_description":"Transforme documentos escaneados e im\u00e1genes en PDF editables con la galardonada tecnolog\u00eda de OCR I.R.I.S. Reconozca texto autom\u00e1ticamente y dentro de im\u00e1genes.","og_url":"https:\/\/www.expert-pdf.com\/es\/conversion-pdf-ocr","og_site_name":"Expert PDF ES","article_modified_time":"2022-01-27T10:54:02+00:00","twitter_card":"summary_large_image","schema":{"@context":"https:\/\/schema.org","@graph":[{"@type":"WebPage","@id":"https:\/\/www.expert-pdf.com\/es\/conversion-pdf-ocr","url":"https:\/\/www.expert-pdf.com\/es\/conversion-pdf-ocr","name":"Conversi\u00f3n de PDF con OCR - Conversi\u00f3n de PDF con el Reconocimiento \u00d3ptico de Car\u00e1cteres | Expert PDF","isPartOf":{"@id":"https:\/\/www.expert-pdf.com\/es\/#website"},"datePublished":"2020-09-09T20:36:30+00:00","dateModified":"2022-01-27T10:54:02+00:00","description":"Transforme documentos escaneados e im\u00e1genes en PDF editables con la galardonada tecnolog\u00eda de OCR I.R.I.S. Reconozca texto autom\u00e1ticamente y dentro de im\u00e1genes.","inLanguage":"en-GB","potentialAction":[{"@type":"ReadAction","target":["https:\/\/www.expert-pdf.com\/es\/conversion-pdf-ocr"]}]},{"@type":"WebSite","@id":"https:\/\/www.expert-pdf.com\/es\/#website","url":"https:\/\/www.expert-pdf.com\/es\/","name":"Expert PDF ES","description":"Just another Expert PDF Sites site","potentialAction":[{"@type":"SearchAction","target":{"@type":"EntryPoint","urlTemplate":"https:\/\/www.expert-pdf.com\/es\/?s={search_term_string}"},"query-input":"required name=search_term_string"}],"inLanguage":"en-GB"}]}},"_links":{"self":[{"href":"https:\/\/www.expert-pdf.com\/es\/wp-json\/wp\/v2\/pages\/373"}],"collection":[{"href":"https:\/\/www.expert-pdf.com\/es\/wp-json\/wp\/v2\/pages"}],"about":[{"href":"https:\/\/www.expert-pdf.com\/es\/wp-json\/wp\/v2\/types\/page"}],"author":[{"embeddable":true,"href":"https:\/\/www.expert-pdf.com\/es\/wp-json\/wp\/v2\/users\/1"}],"replies":[{"embeddable":true,"href":"https:\/\/www.expert-pdf.com\/es\/wp-json\/wp\/v2\/comments?post=373"}],"version-history":[{"count":5,"href":"https:\/\/www.expert-pdf.com\/es\/wp-json\/wp\/v2\/pages\/373\/revisions"}],"predecessor-version":[{"id":1154,"href":"https:\/\/www.expert-pdf.com\/es\/wp-json\/wp\/v2\/pages\/373\/revisions\/1154"}],"wp:attachment":[{"href":"https:\/\/www.expert-pdf.com\/es\/wp-json\/wp\/v2\/media?parent=373"}],"curies":[{"name":"wp","href":"https:\/\/api.w.org\/{rel}","templated":true}]}}