{"id":509,"date":"2020-09-09T17:06:50","date_gmt":"2020-09-09T16:06:50","guid":{"rendered":"https:\/\/www.expert-pdf.com\/de\/?page_id=509"},"modified":"2022-01-10T14:43:53","modified_gmt":"2022-01-10T14:43:53","slug":"versionen-vergleichen","status":"publish","type":"page","link":"https:\/\/www.expert-pdf.com\/de\/versionen-vergleichen","title":{"rendered":"Versionen vergleichen"},"content":{"rendered":"","protected":false},"excerpt":{"rendered":"","protected":false},"author":1,"featured_media":0,"parent":0,"menu_order":0,"comment_status":"closed","ping_status":"closed","template":"templates\/page-compare-v2.php","meta":{"inline_featured_image":false},"acf":[],"yoast_head":"<!-- This site is optimized with the Yoast SEO plugin v20.0 - https:\/\/yoast.com\/wordpress\/plugins\/seo\/ -->\n<title>Kaufen sie die f\u00fchrende PDF-software f\u00fcr PC und MAC<\/title>\n<meta name=\"description\" content=\"PDF Experte -Erstellen, modifizieren, konvertieren &amp; sch\u00fctzen Sie Ihre PDF-Dokumente\" \/>\n<meta name=\"robots\" content=\"index, follow, max-snippet:-1, max-image-preview:large, max-video-preview:-1\" \/>\n<link rel=\"canonical\" href=\"https:\/\/www.expert-pdf.com\/de\/versionen-vergleichen\" \/>\n<meta property=\"og:locale\" content=\"en_GB\" \/>\n<meta property=\"og:type\" content=\"article\" \/>\n<meta property=\"og:title\" content=\"Kaufen sie die f\u00fchrende PDF-software f\u00fcr PC und MAC\" \/>\n<meta property=\"og:description\" content=\"PDF Experte -Erstellen, modifizieren, konvertieren &amp; sch\u00fctzen Sie Ihre PDF-Dokumente\" \/>\n<meta property=\"og:url\" content=\"https:\/\/www.expert-pdf.com\/de\/versionen-vergleichen\" \/>\n<meta property=\"og:site_name\" content=\"Expert PDF DE\" \/>\n<meta property=\"article:modified_time\" content=\"2022-01-10T14:43:53+00:00\" \/>\n<meta name=\"twitter:card\" content=\"summary_large_image\" \/>\n<script type=\"application\/ld+json\" class=\"yoast-schema-graph\">{\"@context\":\"https:\/\/schema.org\",\"@graph\":[{\"@type\":\"WebPage\",\"@id\":\"https:\/\/www.expert-pdf.com\/de\/versionen-vergleichen\",\"url\":\"https:\/\/www.expert-pdf.com\/de\/versionen-vergleichen\",\"name\":\"Kaufen sie die f\u00fchrende PDF-software f\u00fcr PC und MAC\",\"isPartOf\":{\"@id\":\"https:\/\/www.expert-pdf.com\/de\/#website\"},\"datePublished\":\"2020-09-09T16:06:50+00:00\",\"dateModified\":\"2022-01-10T14:43:53+00:00\",\"description\":\"PDF Experte -Erstellen, modifizieren, konvertieren & sch\u00fctzen Sie Ihre PDF-Dokumente\",\"inLanguage\":\"en-GB\",\"potentialAction\":[{\"@type\":\"ReadAction\",\"target\":[\"https:\/\/www.expert-pdf.com\/de\/versionen-vergleichen\"]}]},{\"@type\":\"WebSite\",\"@id\":\"https:\/\/www.expert-pdf.com\/de\/#website\",\"url\":\"https:\/\/www.expert-pdf.com\/de\/\",\"name\":\"Expert PDF DE\",\"description\":\"Just another Expert PDF Sites site\",\"potentialAction\":[{\"@type\":\"SearchAction\",\"target\":{\"@type\":\"EntryPoint\",\"urlTemplate\":\"https:\/\/www.expert-pdf.com\/de\/?s={search_term_string}\"},\"query-input\":\"required name=search_term_string\"}],\"inLanguage\":\"en-GB\"}]}<\/script>\n<!-- \/ Yoast SEO plugin. -->","yoast_head_json":{"title":"Kaufen sie die f\u00fchrende PDF-software f\u00fcr PC und MAC","description":"PDF Experte -Erstellen, modifizieren, konvertieren & sch\u00fctzen Sie Ihre PDF-Dokumente","robots":{"index":"index","follow":"follow","max-snippet":"max-snippet:-1","max-image-preview":"max-image-preview:large","max-video-preview":"max-video-preview:-1"},"canonical":"https:\/\/www.expert-pdf.com\/de\/versionen-vergleichen","og_locale":"en_GB","og_type":"article","og_title":"Kaufen sie die f\u00fchrende PDF-software f\u00fcr PC und MAC","og_description":"PDF Experte -Erstellen, modifizieren, konvertieren & sch\u00fctzen Sie Ihre PDF-Dokumente","og_url":"https:\/\/www.expert-pdf.com\/de\/versionen-vergleichen","og_site_name":"Expert PDF DE","article_modified_time":"2022-01-10T14:43:53+00:00","twitter_card":"summary_large_image","schema":{"@context":"https:\/\/schema.org","@graph":[{"@type":"WebPage","@id":"https:\/\/www.expert-pdf.com\/de\/versionen-vergleichen","url":"https:\/\/www.expert-pdf.com\/de\/versionen-vergleichen","name":"Kaufen sie die f\u00fchrende PDF-software f\u00fcr PC und MAC","isPartOf":{"@id":"https:\/\/www.expert-pdf.com\/de\/#website"},"datePublished":"2020-09-09T16:06:50+00:00","dateModified":"2022-01-10T14:43:53+00:00","description":"PDF Experte -Erstellen, modifizieren, konvertieren & sch\u00fctzen Sie Ihre PDF-Dokumente","inLanguage":"en-GB","potentialAction":[{"@type":"ReadAction","target":["https:\/\/www.expert-pdf.com\/de\/versionen-vergleichen"]}]},{"@type":"WebSite","@id":"https:\/\/www.expert-pdf.com\/de\/#website","url":"https:\/\/www.expert-pdf.com\/de\/","name":"Expert PDF DE","description":"Just another Expert PDF Sites site","potentialAction":[{"@type":"SearchAction","target":{"@type":"EntryPoint","urlTemplate":"https:\/\/www.expert-pdf.com\/de\/?s={search_term_string}"},"query-input":"required name=search_term_string"}],"inLanguage":"en-GB"}]}},"_links":{"self":[{"href":"https:\/\/www.expert-pdf.com\/de\/wp-json\/wp\/v2\/pages\/509"}],"collection":[{"href":"https:\/\/www.expert-pdf.com\/de\/wp-json\/wp\/v2\/pages"}],"about":[{"href":"https:\/\/www.expert-pdf.com\/de\/wp-json\/wp\/v2\/types\/page"}],"author":[{"embeddable":true,"href":"https:\/\/www.expert-pdf.com\/de\/wp-json\/wp\/v2\/users\/1"}],"replies":[{"embeddable":true,"href":"https:\/\/www.expert-pdf.com\/de\/wp-json\/wp\/v2\/comments?post=509"}],"version-history":[{"count":6,"href":"https:\/\/www.expert-pdf.com\/de\/wp-json\/wp\/v2\/pages\/509\/revisions"}],"predecessor-version":[{"id":1408,"href":"https:\/\/www.expert-pdf.com\/de\/wp-json\/wp\/v2\/pages\/509\/revisions\/1408"}],"wp:attachment":[{"href":"https:\/\/www.expert-pdf.com\/de\/wp-json\/wp\/v2\/media?parent=509"}],"curies":[{"name":"wp","href":"https:\/\/api.w.org\/{rel}","templated":true}]}}