{"id":357,"date":"2020-09-09T15:32:32","date_gmt":"2020-09-09T14:32:32","guid":{"rendered":"https:\/\/www.expert-pdf.com\/de\/?page_id=357"},"modified":"2025-01-23T10:20:26","modified_gmt":"2025-01-23T10:20:26","slug":"business","status":"publish","type":"page","link":"https:\/\/www.expert-pdf.com\/de\/business","title":{"rendered":"Business"},"content":{"rendered":"","protected":false},"excerpt":{"rendered":"","protected":false},"author":1,"featured_media":0,"parent":0,"menu_order":0,"comment_status":"closed","ping_status":"closed","template":"templates\/page-business.php","meta":{"inline_featured_image":false},"acf":[],"yoast_head":"<!-- This site is optimized with the Yoast SEO plugin v20.0 - https:\/\/yoast.com\/wordpress\/plugins\/seo\/ -->\n<title>Expert PDF \u00ae |Die einfache PDF-L\u00f6sung f\u00fcr Selbstst\u00e4ndige und Unternehmen.<\/title>\n<meta name=\"description\" content=\"Expert PDF Software f\u00fcr Unternehmen | PDF-Dateien konvertieren, \u00e4ndern, erstellen dank EXPERT PDF Software - Direktdownload\" \/>\n<meta name=\"robots\" content=\"index, follow, max-snippet:-1, max-image-preview:large, max-video-preview:-1\" \/>\n<link rel=\"canonical\" href=\"https:\/\/www.expert-pdf.com\/de\/business\" \/>\n<meta property=\"og:locale\" content=\"en_GB\" \/>\n<meta property=\"og:type\" content=\"article\" \/>\n<meta property=\"og:title\" content=\"Expert PDF \u00ae |Die einfache PDF-L\u00f6sung f\u00fcr Selbstst\u00e4ndige und Unternehmen.\" \/>\n<meta property=\"og:description\" content=\"Expert PDF Software f\u00fcr Unternehmen | PDF-Dateien konvertieren, \u00e4ndern, erstellen dank EXPERT PDF Software - Direktdownload\" \/>\n<meta property=\"og:url\" content=\"https:\/\/www.expert-pdf.com\/de\/business\" \/>\n<meta property=\"og:site_name\" content=\"Expert PDF DE\" \/>\n<meta property=\"article:modified_time\" content=\"2025-01-23T10:20:26+00:00\" \/>\n<meta name=\"twitter:card\" content=\"summary_large_image\" \/>\n<script type=\"application\/ld+json\" class=\"yoast-schema-graph\">{\"@context\":\"https:\/\/schema.org\",\"@graph\":[{\"@type\":\"WebPage\",\"@id\":\"https:\/\/www.expert-pdf.com\/de\/business\",\"url\":\"https:\/\/www.expert-pdf.com\/de\/business\",\"name\":\"Expert PDF \u00ae |Die einfache PDF-L\u00f6sung f\u00fcr Selbstst\u00e4ndige und Unternehmen.\",\"isPartOf\":{\"@id\":\"https:\/\/www.expert-pdf.com\/de\/#website\"},\"datePublished\":\"2020-09-09T14:32:32+00:00\",\"dateModified\":\"2025-01-23T10:20:26+00:00\",\"description\":\"Expert PDF Software f\u00fcr Unternehmen | PDF-Dateien konvertieren, \u00e4ndern, erstellen dank EXPERT PDF Software - Direktdownload\",\"inLanguage\":\"en-GB\",\"potentialAction\":[{\"@type\":\"ReadAction\",\"target\":[\"https:\/\/www.expert-pdf.com\/de\/business\"]}]},{\"@type\":\"WebSite\",\"@id\":\"https:\/\/www.expert-pdf.com\/de\/#website\",\"url\":\"https:\/\/www.expert-pdf.com\/de\/\",\"name\":\"Expert PDF DE\",\"description\":\"Just another Expert PDF Sites site\",\"potentialAction\":[{\"@type\":\"SearchAction\",\"target\":{\"@type\":\"EntryPoint\",\"urlTemplate\":\"https:\/\/www.expert-pdf.com\/de\/?s={search_term_string}\"},\"query-input\":\"required name=search_term_string\"}],\"inLanguage\":\"en-GB\"}]}<\/script>\n<!-- \/ Yoast SEO plugin. -->","yoast_head_json":{"title":"Expert PDF \u00ae |Die einfache PDF-L\u00f6sung f\u00fcr Selbstst\u00e4ndige und Unternehmen.","description":"Expert PDF Software f\u00fcr Unternehmen | PDF-Dateien konvertieren, \u00e4ndern, erstellen dank EXPERT PDF Software - Direktdownload","robots":{"index":"index","follow":"follow","max-snippet":"max-snippet:-1","max-image-preview":"max-image-preview:large","max-video-preview":"max-video-preview:-1"},"canonical":"https:\/\/www.expert-pdf.com\/de\/business","og_locale":"en_GB","og_type":"article","og_title":"Expert PDF \u00ae |Die einfache PDF-L\u00f6sung f\u00fcr Selbstst\u00e4ndige und Unternehmen.","og_description":"Expert PDF Software f\u00fcr Unternehmen | PDF-Dateien konvertieren, \u00e4ndern, erstellen dank EXPERT PDF Software - Direktdownload","og_url":"https:\/\/www.expert-pdf.com\/de\/business","og_site_name":"Expert PDF DE","article_modified_time":"2025-01-23T10:20:26+00:00","twitter_card":"summary_large_image","schema":{"@context":"https:\/\/schema.org","@graph":[{"@type":"WebPage","@id":"https:\/\/www.expert-pdf.com\/de\/business","url":"https:\/\/www.expert-pdf.com\/de\/business","name":"Expert PDF \u00ae |Die einfache PDF-L\u00f6sung f\u00fcr Selbstst\u00e4ndige und Unternehmen.","isPartOf":{"@id":"https:\/\/www.expert-pdf.com\/de\/#website"},"datePublished":"2020-09-09T14:32:32+00:00","dateModified":"2025-01-23T10:20:26+00:00","description":"Expert PDF Software f\u00fcr Unternehmen | PDF-Dateien konvertieren, \u00e4ndern, erstellen dank EXPERT PDF Software - Direktdownload","inLanguage":"en-GB","potentialAction":[{"@type":"ReadAction","target":["https:\/\/www.expert-pdf.com\/de\/business"]}]},{"@type":"WebSite","@id":"https:\/\/www.expert-pdf.com\/de\/#website","url":"https:\/\/www.expert-pdf.com\/de\/","name":"Expert PDF DE","description":"Just another Expert PDF Sites site","potentialAction":[{"@type":"SearchAction","target":{"@type":"EntryPoint","urlTemplate":"https:\/\/www.expert-pdf.com\/de\/?s={search_term_string}"},"query-input":"required name=search_term_string"}],"inLanguage":"en-GB"}]}},"_links":{"self":[{"href":"https:\/\/www.expert-pdf.com\/de\/wp-json\/wp\/v2\/pages\/357"}],"collection":[{"href":"https:\/\/www.expert-pdf.com\/de\/wp-json\/wp\/v2\/pages"}],"about":[{"href":"https:\/\/www.expert-pdf.com\/de\/wp-json\/wp\/v2\/types\/page"}],"author":[{"embeddable":true,"href":"https:\/\/www.expert-pdf.com\/de\/wp-json\/wp\/v2\/users\/1"}],"replies":[{"embeddable":true,"href":"https:\/\/www.expert-pdf.com\/de\/wp-json\/wp\/v2\/comments?post=357"}],"version-history":[{"count":21,"href":"https:\/\/www.expert-pdf.com\/de\/wp-json\/wp\/v2\/pages\/357\/revisions"}],"predecessor-version":[{"id":1658,"href":"https:\/\/www.expert-pdf.com\/de\/wp-json\/wp\/v2\/pages\/357\/revisions\/1658"}],"wp:attachment":[{"href":"https:\/\/www.expert-pdf.com\/de\/wp-json\/wp\/v2\/media?parent=357"}],"curies":[{"name":"wp","href":"https:\/\/api.w.org\/{rel}","templated":true}]}}